{"id":99,"date":"2023-03-16T20:44:09","date_gmt":"2023-03-16T19:44:09","guid":{"rendered":"https:\/\/tijafa.jafamatinik.mq\/plateforme\/?page_id=99"},"modified":"2025-04-02T21:12:48","modified_gmt":"2025-04-02T19:12:48","slug":"jeu-numerique","status":"publish","type":"page","link":"https:\/\/tijafa.jafamatinik.mq\/plateforme\/jeu-numerique\/","title":{"rendered":"<a rel=\"noreferrer noopener\" href=\"https:\/\/tijafa.jafamatinik.mq\/tijafajeu\/\" target=\"_blank\">Jeu num\u00e9rique<\/a>"},"content":{"rendered":"\n<p>C\u2019est un jeu sous forme de \u00ab&nbsp;glisser-d\u00e9poser&nbsp;\u00bb. L\u2019objectif est de classer les productions v\u00e9g\u00e9tales et animales en fonction de leur sensibilit\u00e9 \u00e0 la chlord\u00e9cone.<\/p>\n\n\n\n<iframe loading=\"lazy\"\n  src=\"https:\/\/tijafa.jafamatinik.mq\/tijafajeu\/intro11beta.html\"\n  width=\"960\"\n  height=\"640\"\n  frameborder=\"0\"\noverflow=\"hidden\"\n  allowfullscreen\n\n  <p>\n    <a href=\"https:\/\/tijafa.jafamatinik.mq\/tijafajeu\/intro11beta.html\">\n      Lien de repli pour les navigateurs ne prenant pas en charge iframe\n    <\/a>\n  <\/p>\n<\/iframe>\n\n\n\n<p class=\"has-text-align-center\"><a href=\"https:\/\/tijafa.jafamatinik.mq\/tijafajeu\/intro11beta.html\"><br>Lien de repli pour les navigateurs ne prenant pas en charge iframe<\/a><\/p>\n\n\n\n<p class=\"has-text-align-center\" style=\"font-size:15px;font-style:normal;font-weight:300\">Recharger votre page si le chargement est long (votre navigateur n&rsquo;est peut-\u00eatre pas \u00e0 jour)<\/p>\n\n\n\n<p><\/p>\n","protected":false},"excerpt":{"rendered":"<p>C\u2019est un jeu sous forme de \u00ab&nbsp;glisser-d\u00e9poser&nbsp;\u00bb. L\u2019objectif est de classer les productions v\u00e9g\u00e9tales et animales en fonction de leur sensibilit\u00e9 \u00e0 la chlord\u00e9cone.<\/p>\n","protected":false},"author":1,"featured_media":0,"parent":0,"menu_order":0,"comment_status":"closed","ping_status":"closed","template":"","meta":{"footnotes":""},"class_list":["post-99","page","type-page","status-publish"],"_links":{"self":[{"href":"https:\/\/tijafa.jafamatinik.mq\/plateforme\/wp-json\/wp\/v2\/pages\/99","targetHints":{"allow":["GET"]}}],"collection":[{"href":"https:\/\/tijafa.jafamatinik.mq\/plateforme\/wp-json\/wp\/v2\/pages"}],"about":[{"href":"https:\/\/tijafa.jafamatinik.mq\/plateforme\/wp-json\/wp\/v2\/types\/page"}],"author":[{"embeddable":true,"href":"https:\/\/tijafa.jafamatinik.mq\/plateforme\/wp-json\/wp\/v2\/users\/1"}],"replies":[{"embeddable":true,"href":"https:\/\/tijafa.jafamatinik.mq\/plateforme\/wp-json\/wp\/v2\/comments?post=99"}],"version-history":[{"count":24,"href":"https:\/\/tijafa.jafamatinik.mq\/plateforme\/wp-json\/wp\/v2\/pages\/99\/revisions"}],"predecessor-version":[{"id":1475,"href":"https:\/\/tijafa.jafamatinik.mq\/plateforme\/wp-json\/wp\/v2\/pages\/99\/revisions\/1475"}],"wp:attachment":[{"href":"https:\/\/tijafa.jafamatinik.mq\/plateforme\/wp-json\/wp\/v2\/media?parent=99"}],"curies":[{"name":"wp","href":"https:\/\/api.w.org\/{rel}","templated":true}]}}