{"id":550,"date":"2024-09-30T18:28:19","date_gmt":"2024-09-30T16:28:19","guid":{"rendered":"https:\/\/tijafa.jafamatinik.mq\/plateforme\/?page_id=550"},"modified":"2025-01-14T16:24:13","modified_gmt":"2025-01-14T15:24:13","slug":"le-jeu-de-plateau","status":"publish","type":"page","link":"https:\/\/tijafa.jafamatinik.mq\/plateforme\/le-jeu-de-plateau\/","title":{"rendered":"Le jeu de plateau \u00abLa promenade de Ti-JaFa\u00bb"},"content":{"rendered":"\n<div class=\"wp-block-buttons is-content-justification-center is-layout-flex wp-container-core-buttons-is-layout-16018d1d wp-block-buttons-is-layout-flex\">\n<div class=\"wp-block-button\"><a class=\"wp-block-button__link has-text-color has-background has-link-color wp-element-button\" href=\"https:\/\/tijafa.jafamatinik.mq\/plateforme\/module-de-formation-3\/\" style=\"color:#69727d;background-color:#fabb2a\"><strong>Contexte<\/strong><\/a><\/div>\n\n\n\n<div class=\"wp-block-button\"><a class=\"wp-block-button__link has-text-color has-background has-link-color wp-element-button\" href=\"https:\/\/tijafa.jafamatinik.mq\/plateforme\/module-de-formation-4\/\" style=\"color:#69727d;background-color:#fabb2a\"><strong><strong>Objectifs<\/strong> <\/strong><\/a><\/div>\n\n\n\n<div class=\"wp-block-button\"><a class=\"wp-block-button__link has-text-color has-background has-link-color wp-element-button\" href=\"https:\/\/tijafa.jafamatinik.mq\/plateforme\/module-de-formation-5\/\" style=\"color:#69727d;background-color:#fabb2a\"><strong><strong>EDD<\/strong><\/strong><\/a><\/div>\n\n\n\n<div class=\"wp-block-button\"><a class=\"wp-block-button__link has-text-color has-background has-link-color wp-element-button\" href=\"https:\/\/tijafa.jafamatinik.mq\/plateforme\/integrer-le-jeu-en-classe\/\" style=\"color:#69727d;background-color:#fabb2a\"><strong><strong>Ludop\u00e9dagogie<\/strong><\/strong><\/a><\/div>\n\n\n\n<div class=\"wp-block-button\"><a class=\"wp-block-button__link has-text-color has-background has-link-color wp-element-button\" href=\"https:\/\/tijafa.jafamatinik.mq\/plateforme\/le-jeu-de-plateau\/\" style=\"color:#69727d;background-color:#fabb2a\"><strong>Jeu de plateau<\/strong><\/a><\/div>\n\n\n\n<div class=\"wp-block-button\"><a class=\"wp-block-button__link has-text-color has-background has-link-color wp-element-button\" href=\"https:\/\/tijafa.jafamatinik.mq\/plateforme\/le-jeu-numerique\/\" style=\"color:#69727d;background-color:#fabb2a\"><strong>Jeu num\u00e9rique<\/strong><\/a><\/div>\n\n\n\n<div class=\"wp-block-button\"><a class=\"wp-block-button__link has-text-color has-background has-link-color wp-element-button\" href=\"https:\/\/tijafa.jafamatinik.mq\/plateforme\/les-ressources-pour-se-former-que-sait-on\/\" style=\"color:#69727d;background-color:#fabb2a\"><strong><strong>Ressources<\/strong><\/strong><\/a><\/div>\n\n\n\n<div class=\"wp-block-button\"><a class=\"wp-block-button__link has-text-color has-background has-link-color wp-element-button\" href=\"https:\/\/tijafa.jafamatinik.mq\/plateforme\/conclusion\/\" style=\"color:#69727d;background-color:#fabb2a\"><strong><strong>Conclusion<\/strong><\/strong><\/a><\/div>\n<\/div>\n\n\n\n<hr class=\"wp-block-separator has-text-color has-alpha-channel-opacity has-background\" style=\"background-color:#fabb2a;color:#fabb2a\"\/>\n\n\n\n<p>Dans ce jeu, le joueur se prom\u00e8ne \u00e0 travers quatre univers bien distincts pour aider Papi Agricola et sa petite fille Kalysta \u00e0 am\u00e9liorer leurs pratiques de jardinage et d&rsquo;\u00e9levage.<\/p>\n\n\n\n<p>Dans cette section, nous allons \u00e9couter l&rsquo;histoire du jeu et expliquer les r\u00e8gles tout en vous proposant des outils pour les m\u00e9moriser. Nous pr\u00e9senterons \u00e9galement diverses variantes, notamment en exploitant le plateau impr\u00e9gn\u00e9 de la richesse martiniquaise.<\/p>\n\n\n\n<div class=\"wp-block-columns is-layout-flex wp-container-core-columns-is-layout-9d6595d7 wp-block-columns-is-layout-flex\">\n<div class=\"wp-block-column is-layout-flow wp-block-column-is-layout-flow\">\n<h2 class=\"wp-block-heading has-text-color has-link-color wp-elements-32a1b0365192b5b303277c099479dd04\" style=\"color:#ff4e00\">Prologue<\/h2>\n\n\n\n<p>Pour commencer, nous vous invitons \u00e0 \u00e9couter cette histoire qui vous plongera dans l&rsquo;univers du jeu. Vous pouvez cliquer sur le menu d\u00e9roulant ci-dessous pour consulter la transcription du texte.<\/p>\n\n\n\n<figure class=\"wp-block-audio\"><audio controls src=\"https:\/\/tijafa.jafamatinik.mq\/plateforme\/wp-content\/uploads\/2024\/10\/chlordecone_mixage-final1.mp3\"><\/audio><\/figure>\n\n\n\n<p><code><div class=\"h5p-iframe-wrapper\"><iframe id=\"h5p-iframe-7\" class=\"h5p-iframe\" data-content-id=\"7\" style=\"height:1px\" src=\"about:blank\" frameBorder=\"0\" scrolling=\"no\" title=\"Transcription histoire\"><\/iframe><\/div><\/code><\/p>\n\n\n\n<p>Vous pouvez, bien s\u00fbr, faire \u00e9couter cette histoire aux \u00e9l\u00e8ves avant le jeu, ou bien la lire vous-m\u00eame. Vous trouverez dans le jeu une carte de \u00ab\u00a0storytelling\u00a0\u00bb contenant ce texte.<\/p>\n<\/div>\n\n\n\n<div class=\"wp-block-column is-layout-flow wp-block-column-is-layout-flow\">\n<figure class=\"wp-block-image size-full\"><img loading=\"lazy\" decoding=\"async\" width=\"900\" height=\"738\" src=\"https:\/\/tijafa.jafamatinik.mq\/plateforme\/wp-content\/uploads\/2023\/03\/plateau-et-boite.jpg\" alt=\"\" class=\"wp-image-95\" srcset=\"https:\/\/tijafa.jafamatinik.mq\/plateforme\/wp-content\/uploads\/2023\/03\/plateau-et-boite.jpg 900w, https:\/\/tijafa.jafamatinik.mq\/plateforme\/wp-content\/uploads\/2023\/03\/plateau-et-boite-300x246.jpg 300w, https:\/\/tijafa.jafamatinik.mq\/plateforme\/wp-content\/uploads\/2023\/03\/plateau-et-boite-768x630.jpg 768w\" sizes=\"auto, (max-width: 900px) 100vw, 900px\" \/><\/figure>\n<\/div>\n<\/div>\n\n\n\n<hr class=\"wp-block-separator has-text-color has-alpha-channel-opacity has-background\" style=\"background-color:#fabb2a;color:#fabb2a\"\/>\n\n\n\n<h2 class=\"wp-block-heading has-text-color has-link-color wp-elements-e1191597c93237605e34a682b8598c89\" style=\"color:#ff4e00\">R\u00e8gle du jeu <\/h2>\n\n\n\n<p>La progression se fait \u00e0 l\u2019aide de pions et de d\u00e9s sur le plateau. Chaque joueur doit collecter un certain nombre d\u2019outils et de jetons en r\u00e9pondant aux questions correspondant aux cases o\u00f9 se trouvent ses pions. On vous explique tout ci-dessous ! <\/p>\n\n\n\n<h4 class=\"wp-block-heading has-contrast-color has-text-color has-link-color wp-elements-4af39681544f86d968db9357dd1374f0\">Comment jouer \u00e0 \u00abLa promenade de Ti-JaFa\u00bb ?<\/h4>\n\n\n\n<p>Pour commencer, regardez la vid\u00e9o pour d\u00e9couvrir les r\u00e8gles. Bon visionnage !<\/p>\n\n\n\n<figure class=\"wp-block-embed is-type-video is-provider-youtube wp-block-embed-youtube wp-embed-aspect-16-9 wp-has-aspect-ratio\"><div class=\"wp-block-embed__wrapper\">\n<iframe loading=\"lazy\" title=\"Comment jouer \u00e0 \u00ab La promenade de Ti-JaFa \u00bb ? Regardez la vid\u00e9o pour d\u00e9couvrir les r\u00e8gles.\" width=\"1200\" height=\"675\" src=\"https:\/\/www.youtube.com\/embed\/byZjfPsPriM?feature=oembed\" frameborder=\"0\" allow=\"accelerometer; autoplay; clipboard-write; encrypted-media; gyroscope; picture-in-picture; web-share\" referrerpolicy=\"strict-origin-when-cross-origin\" allowfullscreen><\/iframe>\n<\/div><\/figure>\n\n\n\n<h4 class=\"wp-block-heading has-contrast-color has-text-color has-link-color wp-elements-f1997123cfac9c757587a50d053c37aa\">M\u00e9mo : Disposition du jeu<\/h4>\n\n\n\n<div class=\"wp-block-columns is-layout-flex wp-container-core-columns-is-layout-9d6595d7 wp-block-columns-is-layout-flex\">\n<div class=\"wp-block-column is-layout-flow wp-block-column-is-layout-flow\" style=\"flex-basis:66.66%\">\n<p>Vous trouverez ci-dessous une <strong>infographie interactive<\/strong> qui illustre la disposition du jeu et vous permet de vous rem\u00e9morer la signification de ses diff\u00e9rents \u00e9l\u00e9ments.<\/p>\n\n\n\n<p><code><div class=\"h5p-iframe-wrapper\"><iframe id=\"h5p-iframe-8\" class=\"h5p-iframe\" data-content-id=\"8\" style=\"height:1px\" src=\"about:blank\" frameBorder=\"0\" scrolling=\"no\" title=\"Disposition du jeu\"><\/iframe><\/div><\/code><\/p>\n<\/div>\n\n\n\n<div class=\"wp-block-column is-layout-flow wp-block-column-is-layout-flow\" style=\"flex-basis:33.33%\"><\/div>\n<\/div>\n\n\n\n<h4 class=\"wp-block-heading\">La r\u00e8gle \u00e0 t\u00e9l\u00e9charger<\/h4>\n\n\n\n<p>Vous trouverez la r\u00e8gle dans la boite de jeu, vous pouvez \u00e9galement la consulter et la t\u00e9l\u00e9charger ci-dessous.<\/p>\n\n\n\n<div class=\"wp-block-columns is-layout-flex wp-container-core-columns-is-layout-9d6595d7 wp-block-columns-is-layout-flex\">\n<div class=\"wp-block-column is-layout-flow wp-block-column-is-layout-flow\" style=\"flex-basis:100%\">\n<div data-wp-interactive=\"core\/file\" class=\"wp-block-file\"><object data-wp-bind--hidden=\"!state.hasPdfPreview\" hidden class=\"wp-block-file__embed\" data=\"https:\/\/tijafa.jafamatinik.mq\/plateforme\/wp-content\/uploads\/2024\/10\/GUIDE-DU-JEU-A4-RECTO-VERSO-X09-VEC-LIGHT.pdf\" type=\"application\/pdf\" style=\"width:100%;height:570px\" aria-label=\"Contenu embarqu\u00e9 R\u00e8gles du jeu \u00abLa promenade de Ti-JaFa\u00bb.\"><\/object><a id=\"wp-block-file--media-63414160-c1c2-4f9d-8afa-21322d81dda1\" href=\"https:\/\/tijafa.jafamatinik.mq\/plateforme\/wp-content\/uploads\/2024\/10\/GUIDE-DU-JEU-A4-RECTO-VERSO-X09-VEC-LIGHT.pdf\">R\u00e8gles du jeu \u00abLa promenade de Ti-JaFa\u00bb<\/a><a href=\"https:\/\/tijafa.jafamatinik.mq\/plateforme\/wp-content\/uploads\/2024\/10\/GUIDE-DU-JEU-A4-RECTO-VERSO-X09-VEC-LIGHT.pdf\" class=\"wp-block-file__button wp-element-button\" download aria-describedby=\"wp-block-file--media-63414160-c1c2-4f9d-8afa-21322d81dda1\">T\u00e9l\u00e9charger<\/a><\/div>\n<\/div>\n<\/div>\n\n\n\n<hr class=\"wp-block-separator has-text-color has-alpha-channel-opacity has-background\" style=\"background-color:#fabb2a;color:#fabb2a\"\/>\n\n\n\n<h3 class=\"wp-block-heading has-text-color has-link-color wp-elements-adde9755adef0b8b511b87403df1af37\" style=\"color:#ff4e00\">Quiz : les \u00e9l\u00e9ments cl\u00e9s pour bien commencer ! <\/h3>\n\n\n\n<p>V\u00e9rifions ensemble si vous avez bien retenu les \u00e9l\u00e9ments cl\u00e9s en compl\u00e9tant ce quiz, \u00e0 r\u00e9ponse unique.<\/p>\n\n\n\n<p><code><div class=\"h5p-iframe-wrapper\"><iframe id=\"h5p-iframe-9\" class=\"h5p-iframe\" data-content-id=\"9\" style=\"height:1px\" src=\"about:blank\" frameBorder=\"0\" scrolling=\"no\" title=\"R\u00e8gle du jeu\"><\/iframe><\/div><\/code><br><\/p>\n\n\n\n<h3 class=\"wp-block-heading has-text-color has-link-color wp-elements-4c1a807bfe830d84b71ca62a5f5c772d\" style=\"color:#ff4e00\">Variantes et pistes d&rsquo;exploitation<\/h3>\n\n\n\n<p>Le jeu reste avant tout un mat\u00e9riel p\u00e9dagogique que vous pouvez adapter et d\u00e9tourner en fonction de vos besoins. De nombreux \u00e9l\u00e9ments typiques de la Martinique (animaux, l\u00e9gumes, fruits, objets, etc.) sont repr\u00e9sent\u00e9s, ce qui peut faire du plateau un v\u00e9ritable outil d&rsquo;apprentissage.<\/p>\n\n\n\n<h4 class=\"wp-block-heading\">Des id\u00e9es pour adapter le jeu<\/h4>\n\n\n\n<ul class=\"wp-block-list\">\n<li>Vous avez toute la libert\u00e9 de modifier et d&rsquo;adapter les r\u00e8gles pour les ajuster \u00e0 vos \u00e9l\u00e8ves et \u00e0 vos objectifs.<\/li>\n\n\n\n<li>Les cartes peuvent \u00eatre s\u00e9lectionn\u00e9es en fonction des apprentissages vis\u00e9s.<\/li>\n\n\n\n<li>Vous pouvez mener un travail pr\u00e9alable sur le plateau pour explorer diff\u00e9rents univers illustr\u00e9s (Eau, Terre, \u00c9levage, Sciences). Cela permet d&rsquo;aborder la biodiversit\u00e9 et la culture martiniquaise.<\/li>\n\n\n\n<li>Le jeu pourrait inclure des activit\u00e9s de type \u00ab cherche et trouve \u00bb ou des quiz sur les \u00e9l\u00e9ments pr\u00e9sents sur le plateau. Nous vous sugg\u00e9rons ci-dessous quelques exemples\u202f.<\/li>\n<\/ul>\n\n\n\n<h3 class=\"wp-block-heading has-text-color has-link-color wp-elements-4e9bf791f9bd8b311229ce5bc456c23d\" style=\"color:#ff4e00\">Vous familiariser avec le plateau<\/h3>\n\n\n\n<p>Voici trois courts challenges pour vous familiariser avec le plateau et vous donner des id\u00e9es d&rsquo;utilisation avec vos \u00e9l\u00e8ves.<\/p>\n\n\n\n<p>Etes vous pr\u00eat \u00e0 relever les d\u00e9fis ?!<\/p>\n\n\n\n<h5 class=\"wp-block-heading\"><em>1. Cherche et trouve<\/em><\/h5>\n\n\n\n<p><strong>Observez le plateau, cherchez et cliquez sur les \u00e9l\u00e9ments list\u00e9s ci-apr\u00e8s :<\/strong><\/p>\n\n\n\n<ul class=\"wp-block-list\">\n<li>La chlord\u00e9cone<\/li>\n\n\n\n<li>Kalysta<\/li>\n\n\n\n<li>Une cloche<\/li>\n\n\n\n<li>Un chatrou<\/li>\n\n\n\n<li>Une langouste<\/li>\n\n\n\n<li>Un Callinectes sapidus<\/li>\n<\/ul>\n\n\n\n<div class=\"h5p-content\" data-content-id=\"10\"><\/div>\n\n\n\n<p><\/p>\n\n\n\n<h5 class=\"wp-block-heading\"><em>2. Les fruits et l\u00e9gumes de la Martinique<\/em><\/h5>\n\n\n\n<p>Observez bien l&rsquo;image ci-contre, qui correspond \u00e0 l&rsquo;univers \u00ab\u00a0Jardins Familiaux\u00a0\u00bb du plateau, et compl\u00e9tez le questionnaire ci-dessous avec le chiffre correspondant indiqu\u00e9 sur l&rsquo;image.<\/p>\n\n\n\n<div class=\"wp-block-columns is-layout-flex wp-container-core-columns-is-layout-9d6595d7 wp-block-columns-is-layout-flex\">\n<div class=\"wp-block-column is-layout-flow wp-block-column-is-layout-flow\">\n<p><code><div class=\"h5p-iframe-wrapper\"><iframe id=\"h5p-iframe-11\" class=\"h5p-iframe\" data-content-id=\"11\" style=\"height:1px\" src=\"about:blank\" frameBorder=\"0\" scrolling=\"no\" title=\"Texte \u00e0 trou : fruits et l\u00e9gumes\"><\/iframe><\/div><\/code><\/p>\n<\/div>\n\n\n\n<div class=\"wp-block-column is-layout-flow wp-block-column-is-layout-flow\">\n<figure class=\"wp-block-image size-full\"><img loading=\"lazy\" decoding=\"async\" width=\"994\" height=\"826\" src=\"https:\/\/tijafa.jafamatinik.mq\/plateforme\/wp-content\/uploads\/2024\/11\/jeutrouve4-1.jpg\" alt=\"\" class=\"wp-image-1131\" srcset=\"https:\/\/tijafa.jafamatinik.mq\/plateforme\/wp-content\/uploads\/2024\/11\/jeutrouve4-1.jpg 994w, https:\/\/tijafa.jafamatinik.mq\/plateforme\/wp-content\/uploads\/2024\/11\/jeutrouve4-1-300x249.jpg 300w, https:\/\/tijafa.jafamatinik.mq\/plateforme\/wp-content\/uploads\/2024\/11\/jeutrouve4-1-768x638.jpg 768w\" sizes=\"auto, (max-width: 994px) 100vw, 994px\" \/><\/figure>\n<\/div>\n<\/div>\n\n\n\n<p><\/p>\n\n\n\n<h4 class=\"wp-block-heading\">Qui suis-je ?<\/h4>\n\n\n\n<p>Et pour terminer, nous vous proposons quelques devinettes. Aidez-vous du plateau : les \u00e9l\u00e9ments \u00e0 deviner s&rsquo;y trouvent !<\/p>\n\n\n\n<p><code><div class=\"h5p-iframe-wrapper\"><iframe id=\"h5p-iframe-12\" class=\"h5p-iframe\" data-content-id=\"12\" style=\"height:1px\" src=\"about:blank\" frameBorder=\"0\" scrolling=\"no\" title=\"Qui suis-je ?\"><\/iframe><\/div><\/code><\/p>\n\n\n\n<p><\/p>\n\n\n\n<p><\/p>\n\n\n\n<div class=\"wp-block-columns has-background is-layout-flex wp-container-core-columns-is-layout-9d6595d7 wp-block-columns-is-layout-flex\" style=\"background-color:#fff0a69c\">\n<div class=\"wp-block-column is-layout-flow wp-block-column-is-layout-flow\">\n<p><img loading=\"lazy\" decoding=\"async\" width=\"60\" height=\"56\" class=\"wp-image-876\" style=\"width: 60px;\" src=\"https:\/\/tijafa.jafamatinik.mq\/plateforme\/wp-content\/uploads\/2024\/11\/livre-ecritures.png\" alt=\"\"><strong> <\/strong>&nbsp;En vous inspirant de ce que nous avons vu \u00e0 la page pr\u00e9c\u00e9dente<em> concernant les trois phases de jeu<\/em>, quels conseils donneriez-vous&nbsp;\u00e0 un.e coll\u00e8gue souhaitant int\u00e9grer ce jeux en classe :<\/p>\n\n\n\n<ul class=\"wp-block-list\">\n<li><strong>Avant ?<\/strong> <\/li>\n\n\n\n<li><strong>Pendant ? <\/strong> <\/li>\n\n\n\n<li><strong>Apr\u00e8s ?<\/strong><\/li>\n<\/ul>\n\n\n\n<p>N&rsquo;oubliez pas de vous interroger sur les \u00e9l\u00e9ments suivants :<\/p>\n\n\n\n<ul class=\"wp-block-list\">\n<li>\u00c0 quel moment de la s\u00e9quence s\u2019int\u00e8gre le jeu ?<\/li>\n\n\n\n<li>Classe enti\u00e8re ou groupes ?<\/li>\n\n\n\n<li>Nombre de joueurs par jeu  ? (un pion peut repr\u00e9senter un individu ou un groupe de 2 ou 3 joueurs)<\/li>\n\n\n\n<li>Quelle organisation de la classe ? <\/li>\n<\/ul>\n<\/div>\n<\/div>\n\n\n\n<hr class=\"wp-block-separator has-text-color has-alpha-channel-opacity has-background\" style=\"background-color:#fabb2a;color:#fabb2a\"\/>\n\n\n\n<div class=\"wp-block-columns is-layout-flex wp-container-core-columns-is-layout-9d6595d7 wp-block-columns-is-layout-flex\">\n<div class=\"wp-block-column is-layout-flow wp-block-column-is-layout-flow\"><\/div>\n\n\n\n<div class=\"wp-block-column is-layout-flow wp-block-column-is-layout-flow\"><\/div>\n<\/div>\n\n\n\n<div class=\"wp-block-buttons is-content-justification-space-between is-layout-flex wp-container-core-buttons-is-layout-3d213aab wp-block-buttons-is-layout-flex\">\n<div class=\"wp-block-button is-style-fill\"><a class=\"wp-block-button__link has-text-color has-background has-link-color wp-element-button\" href=\"https:\/\/tijafa.jafamatinik.mq\/plateforme\/integrer-le-jeu-en-classe\/\" style=\"border-radius:11px;color:#69727d;background-color:#fabb2a\"><strong>Pr\u00e9c\u00e9dent<\/strong><\/a><\/div>\n\n\n\n<div class=\"wp-block-button is-style-fill\"><a class=\"wp-block-button__link has-text-color has-background has-link-color wp-element-button\" href=\"https:\/\/tijafa.jafamatinik.mq\/plateforme\/le-jeu-numerique\/\" style=\"border-radius:11px;color:#69727d;background-color:#fabb2a\"><strong>Suivant<\/strong><\/a><\/div>\n<\/div>\n\n\n\n<p><\/p>\n","protected":false},"excerpt":{"rendered":"<p>Dans ce jeu, le joueur se prom\u00e8ne \u00e0 travers quatre univers bien distincts pour aider Papi Agricola et sa petite fille Kalysta \u00e0 am\u00e9liorer leurs pratiques de jardinage et d&rsquo;\u00e9levage. Dans cette section, nous allons \u00e9couter l&rsquo;histoire du jeu et expliquer les r\u00e8gles tout en vous proposant des outils pour les m\u00e9moriser. Nous pr\u00e9senterons \u00e9galement &#8230; <a title=\"Le jeu de plateau \u00abLa promenade de Ti-JaFa\u00bb\" class=\"read-more\" href=\"https:\/\/tijafa.jafamatinik.mq\/plateforme\/le-jeu-de-plateau\/\" aria-label=\"En savoir plus sur Le jeu de plateau \u00abLa promenade de Ti-JaFa\u00bb\">Lire la suite<\/a><\/p>\n","protected":false},"author":1,"featured_media":0,"parent":0,"menu_order":0,"comment_status":"closed","ping_status":"closed","template":"","meta":{"footnotes":""},"class_list":["post-550","page","type-page","status-publish"],"_links":{"self":[{"href":"https:\/\/tijafa.jafamatinik.mq\/plateforme\/wp-json\/wp\/v2\/pages\/550","targetHints":{"allow":["GET"]}}],"collection":[{"href":"https:\/\/tijafa.jafamatinik.mq\/plateforme\/wp-json\/wp\/v2\/pages"}],"about":[{"href":"https:\/\/tijafa.jafamatinik.mq\/plateforme\/wp-json\/wp\/v2\/types\/page"}],"author":[{"embeddable":true,"href":"https:\/\/tijafa.jafamatinik.mq\/plateforme\/wp-json\/wp\/v2\/users\/1"}],"replies":[{"embeddable":true,"href":"https:\/\/tijafa.jafamatinik.mq\/plateforme\/wp-json\/wp\/v2\/comments?post=550"}],"version-history":[{"count":117,"href":"https:\/\/tijafa.jafamatinik.mq\/plateforme\/wp-json\/wp\/v2\/pages\/550\/revisions"}],"predecessor-version":[{"id":1364,"href":"https:\/\/tijafa.jafamatinik.mq\/plateforme\/wp-json\/wp\/v2\/pages\/550\/revisions\/1364"}],"wp:attachment":[{"href":"https:\/\/tijafa.jafamatinik.mq\/plateforme\/wp-json\/wp\/v2\/media?parent=550"}],"curies":[{"name":"wp","href":"https:\/\/api.w.org\/{rel}","templated":true}]}}