{"id":508,"date":"2024-09-24T22:45:26","date_gmt":"2024-09-24T20:45:26","guid":{"rendered":"https:\/\/tijafa.jafamatinik.mq\/plateforme\/?page_id=508"},"modified":"2025-01-20T17:41:12","modified_gmt":"2025-01-20T16:41:12","slug":"integrer-le-jeu-en-classe","status":"publish","type":"page","link":"https:\/\/tijafa.jafamatinik.mq\/plateforme\/integrer-le-jeu-en-classe\/","title":{"rendered":"La ludop\u00e9dagogie : le jeu au service des apprentissages"},"content":{"rendered":"\n<div class=\"wp-block-buttons is-content-justification-center is-layout-flex wp-container-core-buttons-is-layout-16018d1d wp-block-buttons-is-layout-flex\">\n<div class=\"wp-block-button\"><a class=\"wp-block-button__link has-text-color has-background has-link-color wp-element-button\" href=\"https:\/\/tijafa.jafamatinik.mq\/plateforme\/module-de-formation-3\/\" style=\"color:#69727d;background-color:#fabb2a\"><strong>Contexte<\/strong><\/a><\/div>\n\n\n\n<div class=\"wp-block-button\"><a class=\"wp-block-button__link has-text-color has-background has-link-color wp-element-button\" href=\"https:\/\/tijafa.jafamatinik.mq\/plateforme\/module-de-formation-4\/\" style=\"color:#69727d;background-color:#fabb2a\"><strong><strong>Objectifs<\/strong> <\/strong><\/a><\/div>\n\n\n\n<div class=\"wp-block-button\"><a class=\"wp-block-button__link has-text-color has-background has-link-color wp-element-button\" href=\"https:\/\/tijafa.jafamatinik.mq\/plateforme\/module-de-formation-5\/\" style=\"color:#69727d;background-color:#fabb2a\"><strong><strong>EDD<\/strong><\/strong><\/a><\/div>\n\n\n\n<div class=\"wp-block-button\"><a class=\"wp-block-button__link has-text-color has-background has-link-color wp-element-button\" href=\"https:\/\/tijafa.jafamatinik.mq\/plateforme\/integrer-le-jeu-en-classe\/\" style=\"color:#69727d;background-color:#fabb2a\"><strong><strong>Ludop\u00e9dagogie<\/strong><\/strong><\/a><\/div>\n\n\n\n<div class=\"wp-block-button\"><a class=\"wp-block-button__link has-text-color has-background has-link-color wp-element-button\" href=\"https:\/\/tijafa.jafamatinik.mq\/plateforme\/le-jeu-de-plateau\/\" style=\"color:#69727d;background-color:#fabb2a\"><strong>Jeu de plateau<\/strong><\/a><\/div>\n\n\n\n<div class=\"wp-block-button\"><a class=\"wp-block-button__link has-text-color has-background has-link-color wp-element-button\" href=\"https:\/\/tijafa.jafamatinik.mq\/plateforme\/le-jeu-numerique\/\" style=\"color:#69727d;background-color:#fabb2a\"><strong>Jeu num\u00e9rique<\/strong><\/a><\/div>\n\n\n\n<div class=\"wp-block-button\"><a class=\"wp-block-button__link has-text-color has-background has-link-color wp-element-button\" href=\"https:\/\/tijafa.jafamatinik.mq\/plateforme\/les-ressources-pour-se-former-que-sait-on\/\" style=\"color:#69727d;background-color:#fabb2a\"><strong><strong>Ressources<\/strong><\/strong><\/a><\/div>\n\n\n\n<div class=\"wp-block-button\"><a class=\"wp-block-button__link has-text-color has-background has-link-color wp-element-button\" href=\"https:\/\/tijafa.jafamatinik.mq\/plateforme\/conclusion\/\" style=\"color:#69727d;background-color:#fabb2a\"><strong><strong>Conclusion<\/strong><\/strong><\/a><\/div>\n<\/div>\n\n\n\n<hr class=\"wp-block-separator has-text-color has-alpha-channel-opacity has-background\" style=\"background-color:#fabb2a;color:#fabb2a\"\/>\n\n\n\n<p>La mallette p\u00e9dagogique inclut un <em>jeu de plateau<\/em>,<em>\u00a0<strong>\u00abLa promenade de Ti-JaFa\u00bb<\/strong><\/em>, ainsi qu&rsquo;un<em> jeu num\u00e9rique<\/em> que nous d\u00e9couvrirons plus tard.<\/p>\n\n\n\n<p>Le jeu peut \u00eatre un outil pertinent \u00e0 divers moments de l&rsquo;apprentissage, que ce soit pour introduire une nouvelle notion, d\u00e9velopper des automatismes, ou encore approfondir et rem\u00e9dier aux difficult\u00e9s.<\/p>\n\n\n\n<p>Cependant, comment s&rsquo;assurer que le jeu favorise r\u00e9ellement les apprentissages et ne se limite pas \u00e0 un simple divertissement ? C\u2019est ce que nous allons explorer. Dans la prochaine section, nous vous proposerons des conseils organisationnels et p\u00e9dagogiques pour int\u00e9grer au mieux le jeu en classe et r\u00e9fl\u00e9chir \u00e0 diff\u00e9rents aspects \u00e0 consid\u00e9rer pour sa mise en \u0153uvre. Pour commencer, nous vous invitons \u00e0 r\u00e9fl\u00e9chir \u00e0 la citation ci-dessous.<\/p>\n\n\n\n<div class=\"wp-block-columns is-layout-flex wp-container-core-columns-is-layout-9d6595d7 wp-block-columns-is-layout-flex\">\n<div class=\"wp-block-column is-layout-flow wp-block-column-is-layout-flow\" style=\"flex-basis:66.66%\">\n<blockquote class=\"wp-block-quote has-base-background-color has-background is-layout-flow wp-block-quote-is-layout-flow\">\n<p><em>\u00ab On n\u2019apprend pas mieux en jouant. On apprend mieux si on joue \u00e0 des jeux bien con\u00e7us pour des objectifs d\u2019apprentissage clairs et si l\u2019enseignant a mis en place les conditions n\u00e9cessaires pour que le temps consacr\u00e9 au jeu soit int\u00e9gr\u00e9 dans un sc\u00e9nario qui prenne en compte des objectifs pertinents et int\u00e8gre un temps de d\u00e9briefing. On apprend en r\u00e9fl\u00e9chissant sur son exp\u00e9rience de jeu. \u00bb<\/em>&nbsp; <em>&nbsp;<\/em><\/p>\n\n\n\n<p>Apprendre en jouant, E. Sanchez- M. Rom\u00e9ro (2020)&nbsp;<\/p>\n<\/blockquote>\n<\/div>\n\n\n\n<div class=\"wp-block-column is-layout-flow wp-block-column-is-layout-flow\" style=\"flex-basis:33.33%\"><div class=\"wp-block-image\">\n<figure class=\"alignleft size-full is-resized\"><img loading=\"lazy\" decoding=\"async\" width=\"1174\" height=\"1190\" src=\"https:\/\/tijafa.jafamatinik.mq\/plateforme\/wp-content\/uploads\/2024\/11\/fille-penssiveV3.jpg\" alt=\"\" class=\"wp-image-1152\" style=\"width:245px;height:auto\" srcset=\"https:\/\/tijafa.jafamatinik.mq\/plateforme\/wp-content\/uploads\/2024\/11\/fille-penssiveV3.jpg 1174w, https:\/\/tijafa.jafamatinik.mq\/plateforme\/wp-content\/uploads\/2024\/11\/fille-penssiveV3-296x300.jpg 296w, https:\/\/tijafa.jafamatinik.mq\/plateforme\/wp-content\/uploads\/2024\/11\/fille-penssiveV3-1010x1024.jpg 1010w, https:\/\/tijafa.jafamatinik.mq\/plateforme\/wp-content\/uploads\/2024\/11\/fille-penssiveV3-768x778.jpg 768w\" sizes=\"auto, (max-width: 1174px) 100vw, 1174px\" \/><\/figure>\n<\/div><\/div>\n<\/div>\n\n\n\n<h3 class=\"wp-block-heading has-text-color has-link-color wp-elements-c62a83f22d160b3fed1b123b868c93f3\" style=\"color:#ff4e00\">Des conseils g\u00e9n\u00e9raux pour int\u00e9grer le jeu en classe&nbsp;&nbsp;<\/h3>\n\n\n\n<p>Dans un premier temps, nous vous proposons une liste de quatre \u00e9l\u00e9ments \u00e0 consid\u00e9rer en amont. Ensuite, nous vous inviterons \u00e0 vous projeter dans des situations qui risquent fortement de survenir pendant la phase de jeu.<\/p>\n\n\n\n<ol class=\"wp-block-list\">\n<li><strong> Garder toujours l\u2019objectif en t\u00eate<\/strong>. Il est essentiel de bien communiquer aux \u00e9l\u00e8ves les raisons pour lesquelles on joue. Prenez \u00e9galement le temps de faire un bilan apr\u00e8s l&rsquo;activit\u00e9 pour en tirer des enseignements.&nbsp;<\/li>\n\n\n\n<li><strong>Penser \u00e0 la mise en \u0153uvre du jeu<\/strong>. R\u00e9fl\u00e9chissez au nombre de joueurs (individuel, en groupe&#8230;), au temps de mise en place, \u00e0 la dur\u00e9e du jeu, ainsi qu\u2019aux points de vigilance pour assurer une bonne organisation.&nbsp;&nbsp;<\/li>\n\n\n\n<li><strong>Choisir le bon cr\u00e9neau<\/strong>. Le moment de l\u2019explication des r\u00e8gles est crucial. Choisissez un moment o\u00f9 les \u00e9l\u00e8ves sont attentifs et r\u00e9ceptifs.&nbsp;&nbsp;<\/li>\n\n\n\n<li><strong>Prendre en compte les trois phases du jeu : \u201cavant\u201d, \u201cpendant\u201d et \u201capr\u00e8s\u201d<\/strong>. Chacune de ces phases est distincte et m\u00e9rite une attention particuli\u00e8re, comme nous allons le d\u00e9velopper ci-dessous.\u00a0<\/li>\n<\/ol>\n\n\n\n<hr class=\"wp-block-separator has-text-color has-alpha-channel-opacity has-background is-style-default\" style=\"background-color:#fabb2a;color:#fabb2a\"\/>\n\n\n\n<p><\/p>\n\n\n\n<div class=\"wp-block-columns has-background is-layout-flex wp-container-core-columns-is-layout-9d6595d7 wp-block-columns-is-layout-flex\" style=\"background-color:#fff0a69c\">\n<div class=\"wp-block-column is-layout-flow wp-block-column-is-layout-flow\">\n<p><img loading=\"lazy\" decoding=\"async\" width=\"60\" height=\"56\" class=\"wp-image-876\" style=\"width: 60px;\" src=\"https:\/\/tijafa.jafamatinik.mq\/plateforme\/wp-content\/uploads\/2024\/11\/livre-ecritures.png\" alt=\"\">&nbsp; <strong>Mise en situation : comment r\u00e9agir \u00e0 ces situations ?<\/strong><\/p>\n\n\n\n<p>Nous vous proposons quatre situations possibles li\u00e9es \u00e0 l\u2019int\u00e9gration d\u2019un jeu en classe.<\/p>\n\n\n\n<ol class=\"wp-block-list\">\n<li>Un \u00e9l\u00e8ve ne veut pas jouer<\/li>\n\n\n\n<li>Un joueur ne comprend pas les r\u00e8gles<\/li>\n\n\n\n<li>Un \u00e9l\u00e8ve triche<\/li>\n\n\n\n<li>Le jeu provoque trop de bruit<\/li>\n<\/ol>\n\n\n\n<p><strong>Etape 1 : <\/strong>Avant de compl\u00e9ter le quiz ci-dessous, pour chaque situation, r\u00e9fl\u00e9chissez aux strat\u00e9gies et comportements \u00e0 adopter pour rem\u00e9dier aux difficult\u00e9s. Vous pouvez noter vos r\u00e9flexions dans le carnet de bord tout en les compl\u00e9tant gr\u00e2ce \u00e0 l&rsquo;\u00e9tape suivante.<\/p>\n\n\n\n<p><strong>Etape 2 : <\/strong>Dans le quiz ci-dessous (\u00e0 r\u00e9ponse unique), nous vous proposons diff\u00e9rents comportements \u00ab\u00a0tr\u00e8s pertinents\u00a0\u00bb \u00e0 adopter pour chacune de ces situations. S\u00e9lectionnez la proposition qui vous semble la plus ad\u00e9quate. <em><strong>Ces r\u00e9ponses sont indicatives<\/strong> ;<strong> d\u2019autres comportements adapt\u00e9s \u00e0 votre contexte pourraient \u00eatre plus appropri\u00e9s.<\/strong> Il est donc important de prendre un temps de r\u00e9flexion avant de compl\u00e9ter le quiz.<\/em><\/p>\n<\/div>\n<\/div>\n\n\n<div class=\"h5p-iframe-wrapper\"><iframe id=\"h5p-iframe-5\" class=\"h5p-iframe\" data-content-id=\"5\" style=\"height:1px\" src=\"about:blank\" frameBorder=\"0\" scrolling=\"no\" title=\"Mise en situation \u2013 Comment r\u00e9agir \u00e0 ces situations ?\"><\/iframe><\/div>\n\n\n\n<hr class=\"wp-block-separator has-text-color has-alpha-channel-opacity has-background\" style=\"background-color:#fabb2a;color:#fabb2a\"\/>\n\n\n\n<h3 class=\"wp-block-heading has-text-color has-link-color wp-elements-f771612250d8839535a5cb25e8c869c4\" style=\"color:#ff4e00\">\u00c9tapes d&rsquo;introduction d&rsquo;un jeu p\u00e9dagogique&nbsp;<\/h3>\n\n\n\n<p>Pour int\u00e9grer un jeu en classe, il est important de suivre plusieurs \u00e9tapes <em>\u00ab\u00a0avant\u00a0\u00bb, \u00ab\u00a0pendant\u00a0\u00bb<\/em> et <em>\u00ab\u00a0apr\u00e8s\u00a0\u00bb<\/em> le jeu. Consultez les diff\u00e9rents conseils pour chaque phase en cliquant sur le menu d\u00e9roulant. En dessous, vous trouverez un tableau r\u00e9capitulatif des points cl\u00e9s.<\/p>\n\n\n\n<p><code><div class=\"h5p-iframe-wrapper\"><iframe id=\"h5p-iframe-6\" class=\"h5p-iframe\" data-content-id=\"6\" style=\"height:1px\" src=\"about:blank\" frameBorder=\"0\" scrolling=\"no\" title=\"\u00c9tapes d&#039;introduction d&#039;un jeu p\u00e9dagogique\"><\/iframe><\/div><\/code><\/p>\n\n\n\n<div class=\"wp-block-columns is-layout-flex wp-container-core-columns-is-layout-9d6595d7 wp-block-columns-is-layout-flex\">\n<div class=\"wp-block-column is-layout-flow wp-block-column-is-layout-flow\">\n<figure class=\"wp-block-image size-large\"><img loading=\"lazy\" decoding=\"async\" width=\"1024\" height=\"335\" src=\"https:\/\/tijafa.jafamatinik.mq\/plateforme\/wp-content\/uploads\/2024\/11\/time-line-tableau-1024x335.png\" alt=\"\" class=\"wp-image-951\" srcset=\"https:\/\/tijafa.jafamatinik.mq\/plateforme\/wp-content\/uploads\/2024\/11\/time-line-tableau-1024x335.png 1024w, https:\/\/tijafa.jafamatinik.mq\/plateforme\/wp-content\/uploads\/2024\/11\/time-line-tableau-300x98.png 300w, https:\/\/tijafa.jafamatinik.mq\/plateforme\/wp-content\/uploads\/2024\/11\/time-line-tableau-768x251.png 768w, https:\/\/tijafa.jafamatinik.mq\/plateforme\/wp-content\/uploads\/2024\/11\/time-line-tableau.png 1500w\" sizes=\"auto, (max-width: 1024px) 100vw, 1024px\" \/><figcaption class=\"wp-element-caption\"><em>R\u00e9sum\u00e9 des \u00e9tapes d&rsquo;introduction d&rsquo;un jeu p\u00e9dagogique<\/em><\/figcaption><\/figure>\n<\/div>\n<\/div>\n\n\n\n<hr class=\"wp-block-separator has-text-color has-alpha-channel-opacity has-background is-style-default\" style=\"background-color:#fabb2a;color:#fabb2a\"\/>\n\n\n\n<div class=\"wp-block-columns has-background is-layout-flex wp-container-core-columns-is-layout-9d6595d7 wp-block-columns-is-layout-flex\" style=\"background-color:#ffd6a661\">\n<div class=\"wp-block-column is-layout-flow wp-block-column-is-layout-flow\">\n<p><img loading=\"lazy\" decoding=\"async\" width=\"60\" height=\"56\" class=\"wp-image-931\" style=\"width: 60px;\" src=\"https:\/\/tijafa.jafamatinik.mq\/plateforme\/wp-content\/uploads\/2024\/11\/livre-range.png\" alt=\"\"><strong><em>  Pour aller plus loin<\/em><\/strong>, vous pouvez :<\/p>\n\n\n\n<ul class=\"wp-block-list\">\n<li>Consulter l\u2019infographie interactive et tr\u00e8s compl\u00e8te \u201c<a href=\"https:\/\/view.genially.com\/5bb11712304be1592037aa24\/interactive-content-guide-ludification\">Guide pour la conception, l\u2019animation et l\u2019\u00e9valuation d\u2019une activit\u00e9 ludo-p\u00e9dagogique<\/a>, inspir\u00e9 du mod\u00e8le CEPAJE de Julian Alvarez et Pascal Chaumette.<\/li>\n\n\n\n<li>Consulter le pdf <a href=\"https:\/\/eduscol.education.fr\/document\/17209\/download\" data-type=\"link\" data-id=\"https:\/\/eduscol.education.fr\/document\/17209\/download\">Les math\u00e9matiques par les jeux<\/a> propos\u00e9 sur le site Eduscol, qui \u00e9voque l\u2019int\u00e9r\u00eat de l\u2019approche par le jeu.<\/li>\n\n\n\n<li>Lire l&rsquo;ouvrage \u00ab\u00a0<a href=\"https:\/\/www.numeriquepremium.com\/doi\/abs\/10.14375\/NP.9782725639550\">Apprendre en jouant<\/a>\u00a0\u00bb d&rsquo;\u00c9ric Sanchez et de Margarida Romero.<\/li>\n<\/ul>\n<\/div>\n<\/div>\n\n\n\n<div class=\"wp-block-columns is-layout-flex wp-container-core-columns-is-layout-9d6595d7 wp-block-columns-is-layout-flex\">\n<div class=\"wp-block-column is-layout-flow wp-block-column-is-layout-flow\"><\/div>\n\n\n\n<div class=\"wp-block-column is-layout-flow wp-block-column-is-layout-flow\"><\/div>\n<\/div>\n\n\n\n<div class=\"wp-block-buttons is-content-justification-space-between is-layout-flex wp-container-core-buttons-is-layout-3d213aab wp-block-buttons-is-layout-flex\">\n<div class=\"wp-block-button is-style-fill\"><a class=\"wp-block-button__link has-text-color has-background has-link-color wp-element-button\" href=\"https:\/\/tijafa.jafamatinik.mq\/plateforme\/module-de-formation-5\/\" style=\"border-radius:11px;color:#69727d;background-color:#fabb2a\"><strong>Pr\u00e9c\u00e9dent<\/strong><\/a><\/div>\n\n\n\n<div class=\"wp-block-button is-style-fill\"><a class=\"wp-block-button__link has-text-color has-background has-link-color wp-element-button\" href=\"https:\/\/tijafa.jafamatinik.mq\/plateforme\/le-jeu-de-plateau\/\" style=\"border-radius:11px;color:#69727d;background-color:#fabb2a\"><strong>Suivant<\/strong><\/a><\/div>\n<\/div>\n\n\n\n<p><\/p>\n","protected":false},"excerpt":{"rendered":"<p>La mallette p\u00e9dagogique inclut un jeu de plateau,\u00a0\u00abLa promenade de Ti-JaFa\u00bb, ainsi qu&rsquo;un jeu num\u00e9rique que nous d\u00e9couvrirons plus tard. Le jeu peut \u00eatre un outil pertinent \u00e0 divers moments de l&rsquo;apprentissage, que ce soit pour introduire une nouvelle notion, d\u00e9velopper des automatismes, ou encore approfondir et rem\u00e9dier aux difficult\u00e9s. Cependant, comment s&rsquo;assurer que le &#8230; <a title=\"La ludop\u00e9dagogie : le jeu au service des apprentissages\" class=\"read-more\" href=\"https:\/\/tijafa.jafamatinik.mq\/plateforme\/integrer-le-jeu-en-classe\/\" aria-label=\"En savoir plus sur La ludop\u00e9dagogie : le jeu au service des apprentissages\">Lire la suite<\/a><\/p>\n","protected":false},"author":1,"featured_media":0,"parent":0,"menu_order":0,"comment_status":"closed","ping_status":"closed","template":"","meta":{"footnotes":""},"class_list":["post-508","page","type-page","status-publish"],"_links":{"self":[{"href":"https:\/\/tijafa.jafamatinik.mq\/plateforme\/wp-json\/wp\/v2\/pages\/508","targetHints":{"allow":["GET"]}}],"collection":[{"href":"https:\/\/tijafa.jafamatinik.mq\/plateforme\/wp-json\/wp\/v2\/pages"}],"about":[{"href":"https:\/\/tijafa.jafamatinik.mq\/plateforme\/wp-json\/wp\/v2\/types\/page"}],"author":[{"embeddable":true,"href":"https:\/\/tijafa.jafamatinik.mq\/plateforme\/wp-json\/wp\/v2\/users\/1"}],"replies":[{"embeddable":true,"href":"https:\/\/tijafa.jafamatinik.mq\/plateforme\/wp-json\/wp\/v2\/comments?post=508"}],"version-history":[{"count":81,"href":"https:\/\/tijafa.jafamatinik.mq\/plateforme\/wp-json\/wp\/v2\/pages\/508\/revisions"}],"predecessor-version":[{"id":1344,"href":"https:\/\/tijafa.jafamatinik.mq\/plateforme\/wp-json\/wp\/v2\/pages\/508\/revisions\/1344"}],"wp:attachment":[{"href":"https:\/\/tijafa.jafamatinik.mq\/plateforme\/wp-json\/wp\/v2\/media?parent=508"}],"curies":[{"name":"wp","href":"https:\/\/api.w.org\/{rel}","templated":true}]}}