{"id":50,"date":"2023-03-03T21:42:46","date_gmt":"2023-03-03T20:42:46","guid":{"rendered":"https:\/\/tijafa.jafamatinik.mq\/plateforme\/?page_id=50"},"modified":"2025-01-10T17:14:53","modified_gmt":"2025-01-10T16:14:53","slug":"jeu-de-plateau-la-promenade-de-ti-jafa","status":"publish","type":"page","link":"https:\/\/tijafa.jafamatinik.mq\/plateforme\/jeu-de-plateau-la-promenade-de-ti-jafa\/","title":{"rendered":"Jeu de plateau \u00ab\u00a0La promenade de Ti-JaFa\u00a0\u00bb"},"content":{"rendered":"\n<p><\/p>\n\n\n\n<p>Papy Agricola est un jeune retrait\u00e9, il a une grande passion : la terre. Il a d\u00e9frich\u00e9 un grand terrain pour pouvoir am\u00e9nager un jardin vivrier et nourrir quelques volailles et b\u00eates. Il a entendu parler de la chlord\u00e9cone et il ne veut pas prendre de risques pour lui et les siens. Il d\u00e9cide de faire diagnostiquer son terrain. Il peut le faire gratuitement.<br>Il appelle donc FREDON Martinique pour effectuer des pr\u00e9l\u00e8vements de son sol\u2026 Il vient de recevoir par courrier les r\u00e9sultats des analyses et il est tr\u00e8s malheureux.<\/p>\n\n\n\n<p>Kalysta, sa petite fille, le trouve triste. Son grand-p\u00e8re lui explique qu\u2019il ne s\u2019attendait pas \u00e0 ce que l\u2019on trouve de la chlord\u00e9cone sur son terrain, plus de 100 \u00b5g\/kg. Tous ses projets d\u2019agriculture et d\u2019\u00e9levage sont an\u00e9antis.<\/p>\n\n\n\n<p>\u00ab Mais Papy, effectivement il y a de la chlord\u00e9cone sur ton terrain, mais tu peux encore l\u2019utiliser. Il y a simplement de nouvelles r\u00e8gles \u00e0 suivre. \u00bb<\/p>\n\n\n\n<p>\u00abA l\u2019\u00e9cole, un conseiller JaFa est venu nous expliquer que si un terrain \u00e9tait contamin\u00e9, il pouvait venir chez toi pour t\u2019aider \u00e0 am\u00e9liorer tes pratiques de jardinage et d\u2019\u00e9levage. Appelle-le et prends rendez-vous avec lui.\u00bb<\/p>\n\n\n\n<p>Rendez-vous pris, le conseiller JaFa se rend sur le terrain contamin\u00e9 avec Kalysta et son grand-p\u00e8re. Ils ont amen\u00e9 avec eux un grand panier contenant plusieurs plants que le grand-p\u00e8re souhaite mettre en terre. Ils comptent sur le conseiller JaFa et sur toi pour les aider\u2026<\/p>\n\n\n<div class=\"wp-block-image\">\n<figure class=\"aligncenter size-large\"><img loading=\"lazy\" decoding=\"async\" width=\"904\" height=\"1024\" src=\"https:\/\/tijafa.jafamatinik.mq\/plateforme\/wp-content\/uploads\/2023\/03\/plateau-disposition-v1-904x1024.jpg\" alt=\"\" class=\"wp-image-92\" srcset=\"https:\/\/tijafa.jafamatinik.mq\/plateforme\/wp-content\/uploads\/2023\/03\/plateau-disposition-v1-904x1024.jpg 904w, https:\/\/tijafa.jafamatinik.mq\/plateforme\/wp-content\/uploads\/2023\/03\/plateau-disposition-v1-265x300.jpg 265w, https:\/\/tijafa.jafamatinik.mq\/plateforme\/wp-content\/uploads\/2023\/03\/plateau-disposition-v1-768x870.jpg 768w, https:\/\/tijafa.jafamatinik.mq\/plateforme\/wp-content\/uploads\/2023\/03\/plateau-disposition-v1-1356x1536.jpg 1356w, https:\/\/tijafa.jafamatinik.mq\/plateforme\/wp-content\/uploads\/2023\/03\/plateau-disposition-v1.jpg 1360w\" sizes=\"auto, (max-width: 904px) 100vw, 904px\" \/><\/figure>\n<\/div>\n\n\n<p>Le jeu \u00ab\u00a0La promenade de Ti-JaFa\u00a0\u00bb est un jeu de plateau avec une piste \u00e0 suivre \u00e0 travers 4 univers (Eau, Terre, \u00c9levage, Sciences)<br>La progression se fait \u00e0 l\u2019aide de pions et de d\u00e9s sur le plateau, chaque joueur doit parvenir \u00e0\u0300 collecter un nombre d\u2019outils et de jetons en r\u00e9pondant aux questions correspondant aux cases sur lesquelles se trouvent les pions.<\/p>\n\n\n\n<p><\/p>\n","protected":false},"excerpt":{"rendered":"<p>Papy Agricola est un jeune retrait\u00e9, il a une grande passion : la terre. Il a d\u00e9frich\u00e9 un grand terrain pour pouvoir am\u00e9nager un jardin vivrier et nourrir quelques volailles et b\u00eates. Il a entendu parler de la chlord\u00e9cone et il ne veut pas prendre de risques pour lui et les siens. Il d\u00e9cide de &#8230; <a title=\"Jeu de plateau \u00ab\u00a0La promenade de Ti-JaFa\u00a0\u00bb\" class=\"read-more\" href=\"https:\/\/tijafa.jafamatinik.mq\/plateforme\/jeu-de-plateau-la-promenade-de-ti-jafa\/\" aria-label=\"En savoir plus sur Jeu de plateau \u00ab\u00a0La promenade de Ti-JaFa\u00a0\u00bb\">Lire la suite<\/a><\/p>\n","protected":false},"author":1,"featured_media":0,"parent":0,"menu_order":0,"comment_status":"closed","ping_status":"closed","template":"","meta":{"footnotes":""},"class_list":["post-50","page","type-page","status-publish"],"_links":{"self":[{"href":"https:\/\/tijafa.jafamatinik.mq\/plateforme\/wp-json\/wp\/v2\/pages\/50","targetHints":{"allow":["GET"]}}],"collection":[{"href":"https:\/\/tijafa.jafamatinik.mq\/plateforme\/wp-json\/wp\/v2\/pages"}],"about":[{"href":"https:\/\/tijafa.jafamatinik.mq\/plateforme\/wp-json\/wp\/v2\/types\/page"}],"author":[{"embeddable":true,"href":"https:\/\/tijafa.jafamatinik.mq\/plateforme\/wp-json\/wp\/v2\/users\/1"}],"replies":[{"embeddable":true,"href":"https:\/\/tijafa.jafamatinik.mq\/plateforme\/wp-json\/wp\/v2\/comments?post=50"}],"version-history":[{"count":8,"href":"https:\/\/tijafa.jafamatinik.mq\/plateforme\/wp-json\/wp\/v2\/pages\/50\/revisions"}],"predecessor-version":[{"id":1322,"href":"https:\/\/tijafa.jafamatinik.mq\/plateforme\/wp-json\/wp\/v2\/pages\/50\/revisions\/1322"}],"wp:attachment":[{"href":"https:\/\/tijafa.jafamatinik.mq\/plateforme\/wp-json\/wp\/v2\/media?parent=50"}],"curies":[{"name":"wp","href":"https:\/\/api.w.org\/{rel}","templated":true}]}}