{"id":33,"date":"2023-03-03T20:41:54","date_gmt":"2023-03-03T19:41:54","guid":{"rendered":"https:\/\/tijafa.jafamatinik.mq\/plateforme\/?page_id=33"},"modified":"2025-02-18T17:06:42","modified_gmt":"2025-02-18T16:06:42","slug":"fiches-pedagogiques","status":"publish","type":"page","link":"https:\/\/tijafa.jafamatinik.mq\/plateforme\/fiches-pedagogiques\/","title":{"rendered":"Fiches p\u00e9dagogiques"},"content":{"rendered":"\n<figure class=\"wp-block-image size-full\"><img loading=\"lazy\" decoding=\"async\" width=\"700\" height=\"340\" src=\"https:\/\/tijafa.jafamatinik.mq\/plateforme\/wp-content\/uploads\/2024\/04\/fichepedaimg.png\" alt=\"\" class=\"wp-image-231\" srcset=\"https:\/\/tijafa.jafamatinik.mq\/plateforme\/wp-content\/uploads\/2024\/04\/fichepedaimg.png 700w, https:\/\/tijafa.jafamatinik.mq\/plateforme\/wp-content\/uploads\/2024\/04\/fichepedaimg-300x146.png 300w\" sizes=\"auto, (max-width: 700px) 100vw, 700px\" \/><\/figure>\n\n\n\n<h4 class=\"wp-block-heading\">Guide de la mallette p\u00e9dagogique<\/h4>\n\n\n\n<div data-wp-interactive=\"core\/file\" class=\"wp-block-file\"><object data-wp-bind--hidden=\"!state.hasPdfPreview\" hidden class=\"wp-block-file__embed\" data=\"https:\/\/tijafa.jafamatinik.mq\/plateforme\/wp-content\/uploads\/2025\/02\/Guide-de-la-mallette-pedagogique-Ti-JaFa.pdf\" type=\"application\/pdf\" style=\"width:100%;height:600px\" aria-label=\"Contenu embarqu\u00e9 Guide de la mallette p\u00e9dagogique Ti-JaFa.\"><\/object><a id=\"wp-block-file--media-83758ed6-5be9-4b8c-8740-5074dfb7652d\" href=\"https:\/\/tijafa.jafamatinik.mq\/plateforme\/wp-content\/uploads\/2025\/02\/Guide-de-la-mallette-pedagogique-Ti-JaFa.pdf\">Guide de la mallette p\u00e9dagogique Ti-JaFa<\/a><a href=\"https:\/\/tijafa.jafamatinik.mq\/plateforme\/wp-content\/uploads\/2025\/02\/Guide-de-la-mallette-pedagogique-Ti-JaFa.pdf\" class=\"wp-block-file__button wp-element-button\" download aria-describedby=\"wp-block-file--media-83758ed6-5be9-4b8c-8740-5074dfb7652d\">T\u00e9l\u00e9charger<\/a><\/div>\n\n\n\n<p><\/p>\n\n\n\n<h4 class=\"wp-block-heading\">Guide p\u00e9dagogique<\/h4>\n\n\n\n<div data-wp-interactive=\"core\/file\" class=\"wp-block-file\"><object data-wp-bind--hidden=\"!state.hasPdfPreview\" hidden class=\"wp-block-file__embed\" data=\"https:\/\/tijafa.jafamatinik.mq\/plateforme\/wp-content\/uploads\/2025\/02\/Guide-pedagogique-3.pdf\" type=\"application\/pdf\" style=\"width:100%;height:600px\" aria-label=\"Contenu embarqu\u00e9 Guide p\u00e9dagogique.\"><\/object><a id=\"wp-block-file--media-aa370a23-1334-4b9a-94e5-67f9277a5df5\" href=\"https:\/\/tijafa.jafamatinik.mq\/plateforme\/wp-content\/uploads\/2025\/02\/Guide-pedagogique-3.pdf\">Guide p\u00e9dagogique<\/a><a href=\"https:\/\/tijafa.jafamatinik.mq\/plateforme\/wp-content\/uploads\/2025\/02\/Guide-pedagogique-3.pdf\" class=\"wp-block-file__button wp-element-button\" download aria-describedby=\"wp-block-file--media-aa370a23-1334-4b9a-94e5-67f9277a5df5\">T\u00e9l\u00e9charger<\/a><\/div>\n\n\n\n<p><\/p>\n\n\n\n<h4 class=\"wp-block-heading\">Fiches p\u00e9dagogiques<\/h4>\n\n\n\n<div data-wp-interactive=\"core\/file\" class=\"wp-block-file\"><object data-wp-bind--hidden=\"!state.hasPdfPreview\" hidden class=\"wp-block-file__embed\" data=\"https:\/\/tijafa.jafamatinik.mq\/plateforme\/wp-content\/uploads\/2025\/02\/Fiches-pedagogiques-5.pdf\" type=\"application\/pdf\" style=\"width:100%;height:600px\" aria-label=\"Contenu embarqu\u00e9 Fiches p\u00e9dagogiques.\"><\/object><a id=\"wp-block-file--media-aded73ab-c758-487d-913e-3ab5055570ae\" href=\"https:\/\/tijafa.jafamatinik.mq\/plateforme\/wp-content\/uploads\/2025\/02\/Fiches-pedagogiques-5.pdf\">Fiches p\u00e9dagogiques<\/a><a href=\"https:\/\/tijafa.jafamatinik.mq\/plateforme\/wp-content\/uploads\/2025\/02\/Fiches-pedagogiques-5.pdf\" class=\"wp-block-file__button wp-element-button\" download aria-describedby=\"wp-block-file--media-aded73ab-c758-487d-913e-3ab5055570ae\">T\u00e9l\u00e9charger<\/a><\/div>\n\n\n\n<div class=\"wp-block-columns is-layout-flex wp-container-core-columns-is-layout-9d6595d7 wp-block-columns-is-layout-flex\">\n<div class=\"wp-block-column is-layout-flow wp-block-column-is-layout-flow\">\n<h2 class=\"wp-block-heading\"><strong>Suggestions de ressources&nbsp;:<\/strong><\/h2>\n\n\n\n<p><\/p>\n\n\n\n<div data-wp-interactive=\"core\/file\" class=\"wp-block-file\"><object data-wp-bind--hidden=\"!state.hasPdfPreview\" hidden class=\"wp-block-file__embed\" data=\"https:\/\/tijafa.jafamatinik.mq\/plateforme\/wp-content\/uploads\/2024\/04\/Fiche-info-chlordeconemie.pdf\" type=\"application\/pdf\" style=\"width:100%;height:600px\" aria-label=\"Contenu embarqu\u00e9 Fiche-info-chlordeconemie.\"><\/object><a id=\"wp-block-file--media-00acb894-1a13-402e-b07e-3a49f529d32b\" href=\"https:\/\/tijafa.jafamatinik.mq\/plateforme\/wp-content\/uploads\/2024\/04\/Fiche-info-chlordeconemie.pdf\">Fiche-info-chlordeconemie<\/a><a href=\"https:\/\/tijafa.jafamatinik.mq\/plateforme\/wp-content\/uploads\/2024\/04\/Fiche-info-chlordeconemie.pdf\" class=\"wp-block-file__button wp-element-button\" download aria-describedby=\"wp-block-file--media-00acb894-1a13-402e-b07e-3a49f529d32b\">T\u00e9l\u00e9charger<\/a><\/div>\n\n\n\n<p><\/p>\n\n\n\n<p><strong>Chaine youtube du Plan Chlord\u00e9cone :<\/strong><\/p>\n\n\n\n<p><a href=\"https:\/\/www.youtube.com\/@contactplanchloredecone387\/videos\">https:\/\/www.youtube.com\/@contactplanchloredecone387\/videos<\/a><\/p>\n\n\n\n<p><a href=\"https:\/\/www.youtube.com\/watch?v=ts4QoaJhxkI\"><strong>1 &#8211; Comprendre la chlord\u00e9cone<\/strong><\/a><\/p>\n\n\n\n<p><a href=\"https:\/\/www.youtube.com\/watch?v=iYWDLMurIUQ&amp;t=11s\"><strong>2 &#8211; La contamination de la terre<\/strong><\/a><\/p>\n\n\n\n<p><a href=\"https:\/\/www.youtube.com\/watch?v=I7Sl5oYnjVg\"><strong>3 &#8211; La contamination de l&rsquo;eau<\/strong><\/a><\/p>\n\n\n\n<p><a href=\"https:\/\/www.youtube.com\/watch?v=bzipaw28YjU\"><strong>4 &#8211; La chlord\u00e9cone et la sant\u00e9<\/strong><\/a><\/p>\n\n\n\n<p><a href=\"https:\/\/www.youtube.com\/watch?v=9ywCJY3ScTw\"><strong>5 &#8211; La chlord\u00e9cone et l&rsquo;alimentation<\/strong><\/a><\/p>\n\n\n\n<p><a href=\"https:\/\/www.youtube.com\/watch?v=vsqlnK_06kw\"><strong>6 &#8211; La chlord\u00e9cone et l&rsquo;agriculture<\/strong><\/a><\/p>\n\n\n\n<p><a href=\"https:\/\/www.youtube.com\/watch?v=gWgSUQ4o8hU\"><strong>7 &#8211; La chlord\u00e9cone et l&rsquo;\u00e9levage<\/strong><\/a><\/p>\n\n\n\n<p><a href=\"https:\/\/www.youtube.com\/watch?v=cYhFGhiuolY\"><strong>8 &#8211; La chlord\u00e9cone, la mer, la p\u00eache et l&rsquo;aquaculture<\/strong><\/a><\/p>\n\n\n\n<p><a href=\"https:\/\/www.youtube.com\/watch?v=0wFA8CEYqUk\"><strong>9 &#8211; L&rsquo;autoconsommation<\/strong><\/a><\/p>\n\n\n\n<p><a href=\"https:\/\/www.youtube.com\/watch?v=pmbVq0SssuU\" data-type=\"link\" data-id=\"https:\/\/www.youtube.com\/watch?v=pmbVq0SssuU\"><strong>10 &#8211; Les mesures en cours et \u00e0 venir<\/strong><\/a><\/p>\n\n\n\n<p><\/p>\n\n\n\n<p><\/p>\n\n\n\n<p><strong>Nature et ma\u00eetrise des risques pour les cultures, l\u2019\u00e9levage et les p\u00eaches maritimes<\/strong><\/p>\n\n\n\n<p><a href=\"https:\/\/www.martinique.ars.sante.fr\/nature-et-maitrise-des-risques-pour-les-cultures-lelevage-et-les-peches-maritimes\">https:\/\/www.martinique.ars.sante.fr\/nature-et-maitrise-des-risques-pour-les-cultures-lelevage-et-les-peches-maritimes<\/a><\/p>\n\n\n\n<p><strong><strong>Site JaFa Matinik<\/strong><\/strong><\/p>\n\n\n\n<p>Le programme de sant\u00e9 JaFa \u2013 Jardins Familiaux<\/p>\n\n\n\n<figure class=\"wp-block-embed is-type-wp-embed is-provider-jafa wp-block-embed-jafa\"><div class=\"wp-block-embed__wrapper\">\n<blockquote class=\"wp-embedded-content\" data-secret=\"cEf2trGiMr\"><a href=\"https:\/\/www.jafamatinik.mq\/le-programme\/\">Le programme de sant\u00e9 Jafa<\/a><\/blockquote><iframe loading=\"lazy\" class=\"wp-embedded-content\" sandbox=\"allow-scripts\" security=\"restricted\" style=\"position: absolute; visibility: hidden;\" title=\"\u00ab\u00a0Le programme de sant\u00e9 Jafa\u00a0\u00bb &#8212; Jafa\" src=\"https:\/\/www.jafamatinik.mq\/le-programme\/embed\/#?secret=CLEqBxSHI3#?secret=cEf2trGiMr\" data-secret=\"cEf2trGiMr\" width=\"600\" height=\"338\" frameborder=\"0\" marginwidth=\"0\" marginheight=\"0\" scrolling=\"no\"><\/iframe>\n<\/div><\/figure>\n\n\n\n<p>Documents t\u00e9l\u00e9chargeables (Guide Jafa, infographies\u2026)<\/p>\n\n\n\n<figure class=\"wp-block-embed is-type-wp-embed is-provider-jafa wp-block-embed-jafa\"><div class=\"wp-block-embed__wrapper\">\n<blockquote class=\"wp-embedded-content\" data-secret=\"wcmzKOFtlv\"><a href=\"https:\/\/www.jafamatinik.mq\/documents-telechargeables\/\">Documents t\u00e9l\u00e9chargeables<\/a><\/blockquote><iframe loading=\"lazy\" class=\"wp-embedded-content\" sandbox=\"allow-scripts\" security=\"restricted\" style=\"position: absolute; visibility: hidden;\" title=\"\u00ab\u00a0Documents t\u00e9l\u00e9chargeables\u00a0\u00bb &#8212; Jafa\" src=\"https:\/\/www.jafamatinik.mq\/documents-telechargeables\/embed\/#?secret=30asbCB9ay#?secret=wcmzKOFtlv\" data-secret=\"wcmzKOFtlv\" width=\"600\" height=\"338\" frameborder=\"0\" marginwidth=\"0\" marginheight=\"0\" scrolling=\"no\"><\/iframe>\n<\/div><\/figure>\n\n\n\n<p>Ressources vid\u00e9os\/audios<\/p>\n\n\n\n<figure class=\"wp-block-embed is-type-wp-embed is-provider-jafa wp-block-embed-jafa\"><div class=\"wp-block-embed__wrapper\">\n<blockquote class=\"wp-embedded-content\" data-secret=\"Nsv2Pk2Wvz\"><a href=\"https:\/\/www.jafamatinik.mq\/espace-multimedia\/\">Espace multim\u00e9dias<\/a><\/blockquote><iframe loading=\"lazy\" class=\"wp-embedded-content\" sandbox=\"allow-scripts\" security=\"restricted\" style=\"position: absolute; visibility: hidden;\" title=\"\u00ab\u00a0Espace multim\u00e9dias\u00a0\u00bb &#8212; Jafa\" src=\"https:\/\/www.jafamatinik.mq\/espace-multimedia\/embed\/#?secret=3nhsOjoxkc#?secret=Nsv2Pk2Wvz\" data-secret=\"Nsv2Pk2Wvz\" width=\"600\" height=\"338\" frameborder=\"0\" marginwidth=\"0\" marginheight=\"0\" scrolling=\"no\"><\/iframe>\n<\/div><\/figure>\n\n\n\n<p>Les quiz&nbsp;<\/p>\n\n\n\n<figure class=\"wp-block-embed is-type-wp-embed is-provider-jafa wp-block-embed-jafa\"><div class=\"wp-block-embed__wrapper\">\n<blockquote class=\"wp-embedded-content\" data-secret=\"BIhJxoxRb5\"><a href=\"https:\/\/www.jafamatinik.mq\/quiz\/\">Quiz<\/a><\/blockquote><iframe loading=\"lazy\" class=\"wp-embedded-content\" sandbox=\"allow-scripts\" security=\"restricted\" style=\"position: absolute; visibility: hidden;\" title=\"\u00ab\u00a0Quiz\u00a0\u00bb &#8212; Jafa\" src=\"https:\/\/www.jafamatinik.mq\/quiz\/embed\/#?secret=cMzPTwG2c7#?secret=BIhJxoxRb5\" data-secret=\"BIhJxoxRb5\" width=\"600\" height=\"338\" frameborder=\"0\" marginwidth=\"0\" marginheight=\"0\" scrolling=\"no\"><\/iframe>\n<\/div><\/figure>\n\n\n\n<p><\/p>\n\n\n\n<p>Conna\u00eetre pour agir \u2013 Point de situation 2023 en Martinique : <a href=\"https:\/\/www.calameo.com\/read\/005549545ee3c0a26ed30\">https:\/\/www.calameo.com\/read\/005549545ee3c0a26ed30<\/a><\/p>\n<\/div>\n<\/div>\n\n\n\n<p><\/p>\n","protected":false},"excerpt":{"rendered":"<p>Guide de la mallette p\u00e9dagogique Guide p\u00e9dagogique Fiches p\u00e9dagogiques Suggestions de ressources&nbsp;: Chaine youtube du Plan Chlord\u00e9cone : https:\/\/www.youtube.com\/@contactplanchloredecone387\/videos 1 &#8211; Comprendre la chlord\u00e9cone 2 &#8211; La contamination de la terre 3 &#8211; La contamination de l&rsquo;eau 4 &#8211; La chlord\u00e9cone et la sant\u00e9 5 &#8211; La chlord\u00e9cone et l&rsquo;alimentation 6 &#8211; La chlord\u00e9cone et &#8230; <a title=\"Fiches p\u00e9dagogiques\" class=\"read-more\" href=\"https:\/\/tijafa.jafamatinik.mq\/plateforme\/fiches-pedagogiques\/\" aria-label=\"En savoir plus sur Fiches p\u00e9dagogiques\">Lire la suite<\/a><\/p>\n","protected":false},"author":1,"featured_media":0,"parent":0,"menu_order":0,"comment_status":"closed","ping_status":"closed","template":"","meta":{"footnotes":""},"class_list":["post-33","page","type-page","status-publish"],"_links":{"self":[{"href":"https:\/\/tijafa.jafamatinik.mq\/plateforme\/wp-json\/wp\/v2\/pages\/33","targetHints":{"allow":["GET"]}}],"collection":[{"href":"https:\/\/tijafa.jafamatinik.mq\/plateforme\/wp-json\/wp\/v2\/pages"}],"about":[{"href":"https:\/\/tijafa.jafamatinik.mq\/plateforme\/wp-json\/wp\/v2\/types\/page"}],"author":[{"embeddable":true,"href":"https:\/\/tijafa.jafamatinik.mq\/plateforme\/wp-json\/wp\/v2\/users\/1"}],"replies":[{"embeddable":true,"href":"https:\/\/tijafa.jafamatinik.mq\/plateforme\/wp-json\/wp\/v2\/comments?post=33"}],"version-history":[{"count":45,"href":"https:\/\/tijafa.jafamatinik.mq\/plateforme\/wp-json\/wp\/v2\/pages\/33\/revisions"}],"predecessor-version":[{"id":1468,"href":"https:\/\/tijafa.jafamatinik.mq\/plateforme\/wp-json\/wp\/v2\/pages\/33\/revisions\/1468"}],"wp:attachment":[{"href":"https:\/\/tijafa.jafamatinik.mq\/plateforme\/wp-json\/wp\/v2\/media?parent=33"}],"curies":[{"name":"wp","href":"https:\/\/api.w.org\/{rel}","templated":true}]}}