{"id":322,"date":"2024-09-13T14:36:29","date_gmt":"2024-09-13T12:36:29","guid":{"rendered":"https:\/\/tijafa.jafamatinik.mq\/plateforme\/?page_id=322"},"modified":"2025-02-18T15:41:26","modified_gmt":"2025-02-18T14:41:26","slug":"module-de-formation-4","status":"publish","type":"page","link":"https:\/\/tijafa.jafamatinik.mq\/plateforme\/module-de-formation-4\/","title":{"rendered":"Objectifs p\u00e9dagogiques r\u00e9alisables gr\u00e2ce \u00e0 la mallette\u00a0"},"content":{"rendered":"\n<div class=\"wp-block-buttons is-content-justification-center is-layout-flex wp-container-core-buttons-is-layout-16018d1d wp-block-buttons-is-layout-flex\">\n<div class=\"wp-block-button\"><a class=\"wp-block-button__link has-text-color has-background has-link-color wp-element-button\" href=\"https:\/\/tijafa.jafamatinik.mq\/plateforme\/module-de-formation-3\/\" style=\"color:#69727d;background-color:#fabb2a\"><strong>Contexte<\/strong><\/a><\/div>\n\n\n\n<div class=\"wp-block-button\"><a class=\"wp-block-button__link has-text-color has-background has-link-color wp-element-button\" href=\"https:\/\/tijafa.jafamatinik.mq\/plateforme\/module-de-formation-4\/\" style=\"color:#69727d;background-color:#fabb2a\"><strong><strong>Objectifs<\/strong> <\/strong><\/a><\/div>\n\n\n\n<div class=\"wp-block-button\"><a class=\"wp-block-button__link has-text-color has-background has-link-color wp-element-button\" href=\"https:\/\/tijafa.jafamatinik.mq\/plateforme\/module-de-formation-5\/\" style=\"color:#69727d;background-color:#fabb2a\"><strong><strong>EDD<\/strong><\/strong><\/a><\/div>\n\n\n\n<div class=\"wp-block-button\"><a class=\"wp-block-button__link has-text-color has-background has-link-color wp-element-button\" href=\"https:\/\/tijafa.jafamatinik.mq\/plateforme\/integrer-le-jeu-en-classe\/\" style=\"color:#69727d;background-color:#fabb2a\"><strong><strong>Ludop\u00e9dagogie<\/strong><\/strong><\/a><\/div>\n\n\n\n<div class=\"wp-block-button\"><a class=\"wp-block-button__link has-text-color has-background has-link-color wp-element-button\" href=\"https:\/\/tijafa.jafamatinik.mq\/plateforme\/le-jeu-de-plateau\/\" style=\"color:#69727d;background-color:#fabb2a\"><strong>Jeu de plateau<\/strong><\/a><\/div>\n\n\n\n<div class=\"wp-block-button\"><a class=\"wp-block-button__link has-text-color has-background has-link-color wp-element-button\" href=\"https:\/\/tijafa.jafamatinik.mq\/plateforme\/le-jeu-numerique\/\" style=\"color:#69727d;background-color:#fabb2a\"><strong>Jeu num\u00e9rique<\/strong><\/a><\/div>\n\n\n\n<div class=\"wp-block-button\"><a class=\"wp-block-button__link has-text-color has-background has-link-color wp-element-button\" href=\"https:\/\/tijafa.jafamatinik.mq\/plateforme\/les-ressources-pour-se-former-que-sait-on\/\" style=\"color:#69727d;background-color:#fabb2a\"><strong><strong>Ressources<\/strong><\/strong><\/a><\/div>\n\n\n\n<div class=\"wp-block-button\"><a class=\"wp-block-button__link has-text-color has-background has-link-color wp-element-button\" href=\"https:\/\/tijafa.jafamatinik.mq\/plateforme\/conclusion\/\" style=\"color:#69727d;background-color:#fabb2a\"><strong><strong>Conclusion<\/strong><\/strong><\/a><\/div>\n<\/div>\n\n\n\n<hr class=\"wp-block-separator has-text-color has-alpha-channel-opacity has-background\" style=\"background-color:#fabb2a;color:#fabb2a\"\/>\n\n\n\n<p>Cet outil vous aidera \u00e0 cr\u00e9er des s\u00e9quences p\u00e9dagogiques \u00e0 destination des jeunes pour vous aider \u00e0 atteindre ces objectifs p\u00e9dagogiques :&nbsp;&nbsp;<\/p>\n\n\n\n<ul class=\"wp-block-list\">\n<li>Identifier la probl\u00e9matique de la chlord\u00e9cone&nbsp;<\/li>\n\n\n\n<li>Acqu\u00e9rir une connaissance de base des caract\u00e9ristiques physico-chimiques de la chlord\u00e9cone&nbsp;&nbsp;<\/li>\n\n\n\n<li>Savoir identifier les zones potentielles de pollution de la chlord\u00e9cone dans son environnement&nbsp;<\/li>\n\n\n\n<li>Conna\u00eetre les risques connus li\u00e9s \u00e0 l\u2019exposition \u00e0 la chlord\u00e9cone&nbsp;<\/li>\n\n\n\n<li>Conna\u00eetre les recommandations pour limiter son exposition \u00e0 la chlord\u00e9cone&nbsp;<\/li>\n\n\n\n<li>Adopter un comportement responsable pour limiter son exposition \u00e0 la chlord\u00e9cone&nbsp;<\/li>\n<\/ul>\n\n\n\n<h3 class=\"wp-block-heading has-text-color has-link-color wp-elements-d8711bebe7301b3f4cc31ece159ab6c7\" style=\"color:#ff4e00\">Guide p\u00e9dagogique<\/h3>\n\n\n\n<p>L&rsquo;extrait du guide p\u00e9dagogique ci-dessous pr\u00e9sente des \u00e9l\u00e9ments du programme qui peuvent \u00eatre d\u00e9velopp\u00e9s \u00e0 l\u2019aide des jeux et des ressources de la mallette p\u00e9dagogique. Les possibilit\u00e9s sont nombreuses, et nous vous invitons \u00e0 expliciter les objectifs p\u00e9dagogiques que vous souhaitez faire atteindre \u00e0 vos \u00e9l\u00e8ves.<\/p>\n\n\n\n<p><\/p>\n\n\n\n<div data-wp-interactive=\"core\/file\" class=\"wp-block-file\"><object data-wp-bind--hidden=\"!state.hasPdfPreview\" hidden class=\"wp-block-file__embed\" data=\"https:\/\/tijafa.jafamatinik.mq\/plateforme\/wp-content\/uploads\/2025\/02\/Guide-pedagogique-2.pdf\" type=\"application\/pdf\" style=\"width:100%;height:600px\" aria-label=\"Contenu embarqu\u00e9 Guide p\u00e9dagogique.\"><\/object><a id=\"wp-block-file--media-d0c5af24-87cb-47f3-9930-36e75b77d088\" href=\"https:\/\/tijafa.jafamatinik.mq\/plateforme\/wp-content\/uploads\/2025\/02\/Guide-pedagogique-2.pdf\">Guide p\u00e9dagogique<\/a><a href=\"https:\/\/tijafa.jafamatinik.mq\/plateforme\/wp-content\/uploads\/2025\/02\/Guide-pedagogique-2.pdf\" class=\"wp-block-file__button wp-element-button\" download aria-describedby=\"wp-block-file--media-d0c5af24-87cb-47f3-9930-36e75b77d088\">T\u00e9l\u00e9charger<\/a><\/div>\n\n\n\n<hr class=\"wp-block-separator has-text-color has-alpha-channel-opacity has-background\" style=\"background-color:#fabb2a;color:#fabb2a\"\/>\n\n\n\n<div class=\"wp-block-columns has-background is-layout-flex wp-container-core-columns-is-layout-9d6595d7 wp-block-columns-is-layout-flex\" style=\"background-color:#fff0a69c\">\n<div class=\"wp-block-column is-layout-flow wp-block-column-is-layout-flow\">\n<p><img loading=\"lazy\" decoding=\"async\" width=\"60\" height=\"56\" class=\"wp-image-922\" style=\"width: 60px;\" src=\"https:\/\/tijafa.jafamatinik.mq\/plateforme\/wp-content\/uploads\/2024\/11\/image-2.png\" alt=\"\"> <strong>Consultez le guide p\u00e9dagogique, ci-dessus et remplissez votre fiche de route en r\u00e9pondant aux questions suivantes.<\/strong>&nbsp;&nbsp;<\/p>\n\n\n\n<ul class=\"wp-block-list\">\n<li>Quels sont les objectifs p\u00e9dagogiques de votre s\u00e9quence ou action ?&nbsp;<\/li>\n\n\n\n<li>Votre s\u00e9quence ou action p\u00e9dagogique ciblerait quel public (niveau\/\u00e2ge) ? <\/li>\n<\/ul>\n\n\n\n<p><em>Le lien de votre carnet de bord, \u00e0 imprimer ou compl\u00e9ter en ligne, se trouve en bas de <a href=\"https:\/\/tijafa.jafamatinik.mq\/plateforme\/https:\/\/tijafa.jafamatinik.mq\/plateforme\/module-de-formation-0\/\" data-type=\"link\" data-id=\"https:\/\/tijafa.jafamatinik.mq\/plateforme\/https-tijafa-jafamatinik-mq-plateforme-module-de-formation-2\/\">la page de pr\u00e9sentation du cours<\/a>.<\/em><\/p>\n<\/div>\n<\/div>\n\n\n\n<div class=\"wp-block-columns is-layout-flex wp-container-core-columns-is-layout-9d6595d7 wp-block-columns-is-layout-flex\">\n<div class=\"wp-block-column is-layout-flow wp-block-column-is-layout-flow\"><\/div>\n\n\n\n<div class=\"wp-block-column is-layout-flow wp-block-column-is-layout-flow\"><\/div>\n<\/div>\n\n\n\n<div class=\"wp-block-buttons is-content-justification-space-between is-layout-flex wp-container-core-buttons-is-layout-3d213aab wp-block-buttons-is-layout-flex\">\n<div class=\"wp-block-button is-style-fill\"><a class=\"wp-block-button__link has-text-color has-background has-link-color wp-element-button\" href=\"https:\/\/tijafa.jafamatinik.mq\/plateforme\/module-de-formation-3\/\" style=\"border-radius:11px;color:#69727d;background-color:#fabb2a\"><strong>Pr\u00e9c\u00e9dent<\/strong><\/a><\/div>\n\n\n\n<div class=\"wp-block-button is-style-fill\"><a class=\"wp-block-button__link has-text-color has-background has-link-color wp-element-button\" href=\"https:\/\/tijafa.jafamatinik.mq\/plateforme\/module-de-formation-5\/\" style=\"border-radius:11px;color:#69727d;background-color:#fabb2a\"><strong>Suivant<\/strong><\/a><\/div>\n<\/div>\n\n\n\n<p><\/p>\n","protected":false},"excerpt":{"rendered":"<p>Cet outil vous aidera \u00e0 cr\u00e9er des s\u00e9quences p\u00e9dagogiques \u00e0 destination des jeunes pour vous aider \u00e0 atteindre ces objectifs p\u00e9dagogiques :&nbsp;&nbsp; Guide p\u00e9dagogique L&rsquo;extrait du guide p\u00e9dagogique ci-dessous pr\u00e9sente des \u00e9l\u00e9ments du programme qui peuvent \u00eatre d\u00e9velopp\u00e9s \u00e0 l\u2019aide des jeux et des ressources de la mallette p\u00e9dagogique. Les possibilit\u00e9s sont nombreuses, et nous &#8230; <a title=\"Objectifs p\u00e9dagogiques r\u00e9alisables gr\u00e2ce \u00e0 la mallette\u00a0\" class=\"read-more\" href=\"https:\/\/tijafa.jafamatinik.mq\/plateforme\/module-de-formation-4\/\" aria-label=\"En savoir plus sur Objectifs p\u00e9dagogiques r\u00e9alisables gr\u00e2ce \u00e0 la mallette\u00a0\">Lire la suite<\/a><\/p>\n","protected":false},"author":1,"featured_media":0,"parent":0,"menu_order":0,"comment_status":"closed","ping_status":"closed","template":"","meta":{"footnotes":""},"class_list":["post-322","page","type-page","status-publish"],"_links":{"self":[{"href":"https:\/\/tijafa.jafamatinik.mq\/plateforme\/wp-json\/wp\/v2\/pages\/322","targetHints":{"allow":["GET"]}}],"collection":[{"href":"https:\/\/tijafa.jafamatinik.mq\/plateforme\/wp-json\/wp\/v2\/pages"}],"about":[{"href":"https:\/\/tijafa.jafamatinik.mq\/plateforme\/wp-json\/wp\/v2\/types\/page"}],"author":[{"embeddable":true,"href":"https:\/\/tijafa.jafamatinik.mq\/plateforme\/wp-json\/wp\/v2\/users\/1"}],"replies":[{"embeddable":true,"href":"https:\/\/tijafa.jafamatinik.mq\/plateforme\/wp-json\/wp\/v2\/comments?post=322"}],"version-history":[{"count":30,"href":"https:\/\/tijafa.jafamatinik.mq\/plateforme\/wp-json\/wp\/v2\/pages\/322\/revisions"}],"predecessor-version":[{"id":1458,"href":"https:\/\/tijafa.jafamatinik.mq\/plateforme\/wp-json\/wp\/v2\/pages\/322\/revisions\/1458"}],"wp:attachment":[{"href":"https:\/\/tijafa.jafamatinik.mq\/plateforme\/wp-json\/wp\/v2\/media?parent=322"}],"curies":[{"name":"wp","href":"https:\/\/api.w.org\/{rel}","templated":true}]}}