{"id":318,"date":"2024-09-13T14:35:57","date_gmt":"2024-09-13T12:35:57","guid":{"rendered":"https:\/\/tijafa.jafamatinik.mq\/plateforme\/?page_id=318"},"modified":"2025-01-20T16:54:15","modified_gmt":"2025-01-20T15:54:15","slug":"module-de-formation-0","status":"publish","type":"page","link":"https:\/\/tijafa.jafamatinik.mq\/plateforme\/module-de-formation-0\/","title":{"rendered":"Formation : Prise en main de la mallette p\u00e9dagogique"},"content":{"rendered":"\n<div class=\"wp-block-buttons is-content-justification-center is-layout-flex wp-container-core-buttons-is-layout-16018d1d wp-block-buttons-is-layout-flex\">\n<div class=\"wp-block-button\"><a class=\"wp-block-button__link has-text-color has-background has-link-color wp-element-button\" href=\"https:\/\/tijafa.jafamatinik.mq\/plateforme\/module-de-formation-3\/\" style=\"color:#69727d;background-color:#fabb2a\"><strong>Contexte<\/strong><\/a><\/div>\n\n\n\n<div class=\"wp-block-button\"><a class=\"wp-block-button__link has-text-color has-background has-link-color wp-element-button\" href=\"https:\/\/tijafa.jafamatinik.mq\/plateforme\/module-de-formation-4\/\" style=\"color:#69727d;background-color:#fabb2a\"><strong><strong>Objectifs<\/strong> <\/strong><\/a><\/div>\n\n\n\n<div class=\"wp-block-button\"><a class=\"wp-block-button__link has-text-color has-background has-link-color wp-element-button\" href=\"https:\/\/tijafa.jafamatinik.mq\/plateforme\/module-de-formation-5\/\" style=\"color:#69727d;background-color:#fabb2a\"><strong><strong>EDD<\/strong><\/strong><\/a><\/div>\n\n\n\n<div class=\"wp-block-button\"><a class=\"wp-block-button__link has-text-color has-background has-link-color wp-element-button\" href=\"https:\/\/tijafa.jafamatinik.mq\/plateforme\/integrer-le-jeu-en-classe\/\" style=\"color:#69727d;background-color:#fabb2a\"><strong><strong>Ludop\u00e9dagogie<\/strong><\/strong><\/a><\/div>\n\n\n\n<div class=\"wp-block-button\"><a class=\"wp-block-button__link has-text-color has-background has-link-color wp-element-button\" href=\"https:\/\/tijafa.jafamatinik.mq\/plateforme\/le-jeu-de-plateau\/\" style=\"color:#69727d;background-color:#fabb2a\"><strong>Jeu de plateau<\/strong><\/a><\/div>\n\n\n\n<div class=\"wp-block-button\"><a class=\"wp-block-button__link has-text-color has-background has-link-color wp-element-button\" href=\"https:\/\/tijafa.jafamatinik.mq\/plateforme\/le-jeu-numerique\/\" style=\"color:#69727d;background-color:#fabb2a\"><strong>Jeu num\u00e9rique<\/strong><\/a><\/div>\n\n\n\n<div class=\"wp-block-button\"><a class=\"wp-block-button__link has-text-color has-background has-link-color wp-element-button\" href=\"https:\/\/tijafa.jafamatinik.mq\/plateforme\/les-ressources-pour-se-former-que-sait-on\/\" style=\"color:#69727d;background-color:#fabb2a\"><strong><strong>Ressources<\/strong><\/strong><\/a><\/div>\n\n\n\n<div class=\"wp-block-button\"><a class=\"wp-block-button__link has-text-color has-background has-link-color wp-element-button\" href=\"https:\/\/tijafa.jafamatinik.mq\/plateforme\/conclusion\/\" style=\"color:#69727d;background-color:#fabb2a\"><strong><strong>Conclusion<\/strong><\/strong><\/a><\/div>\n<\/div>\n\n\n\n<hr class=\"wp-block-separator has-text-color has-alpha-channel-opacity has-background\" style=\"background-color:#fabb2a;color:#fabb2a\"\/>\n\n\n\n<p>Ce module de formation vous aidera \u00e0 vous approprier la <em><strong>mallette p\u00e9dagogique<\/strong> <strong>\u00abLa promenade de Ti-JaFa\u00bb<\/strong><\/em> mise \u00e0 disposition par <strong><em>Promotion Sant\u00e9 Martinique<\/em> <\/strong>(ancienne IREPS Martinique) et \u00e0 int\u00e9grer les diff\u00e9rentes ressources dans vos actions \u00e9ducatives existantes ou futures.<\/p>\n\n\n\n<div class=\"wp-block-columns is-layout-flex wp-container-core-columns-is-layout-9d6595d7 wp-block-columns-is-layout-flex\">\n<div class=\"wp-block-column has-base-2-background-color has-background is-layout-flow wp-block-column-is-layout-flow\">\n<div class=\"wp-block-media-text is-stacked-on-mobile\" style=\"grid-template-columns:15% auto\"><figure class=\"wp-block-media-text__media\"><img loading=\"lazy\" decoding=\"async\" width=\"50\" height=\"47\" src=\"https:\/\/tijafa.jafamatinik.mq\/plateforme\/wp-content\/uploads\/2024\/11\/carre-orange-4.png\" alt=\"\" class=\"wp-image-1070 size-full\"\/><\/figure><div class=\"wp-block-media-text__content\">\n<h2 class=\"wp-block-heading\">A la fin de ce cours<\/h2>\n<\/div><\/div>\n\n\n\n<p>vous saurez :<\/p>\n\n\n\n<ul class=\"wp-block-list\">\n<li>Identifier et expliquer les notions scientifiques essentielles concernant la chlord\u00e9cone,&nbsp;<\/li>\n<\/ul>\n\n\n\n<ul class=\"wp-block-list\">\n<li>Jouer au jeu de plateau et au jeu num\u00e9rique associ\u00e9,&nbsp;<\/li>\n<\/ul>\n\n\n\n<ul class=\"wp-block-list\">\n<li>Utiliser les ressources p\u00e9dagogiques disponibles pour cr\u00e9er des sc\u00e9narios \u00e9ducatifs.&nbsp;&nbsp;<\/li>\n<\/ul>\n<\/div>\n\n\n\n<div class=\"wp-block-column has-background is-layout-flow wp-block-column-is-layout-flow\" style=\"background-color:#fabc2a78\">\n<h2 class=\"wp-block-heading\">Plan de cours<\/h2>\n\n\n\n<ul class=\"wp-block-list\">\n<li><a href=\"https:\/\/tijafa.jafamatinik.mq\/plateforme\/module-de-formation-3\/\" data-type=\"page\" data-id=\"320\">Contexte<\/a><\/li>\n\n\n\n<li><a href=\"https:\/\/tijafa.jafamatinik.mq\/plateforme\/module-de-formation-4\/\" data-type=\"page\" data-id=\"322\">Objectifs p\u00e9dagogiques r\u00e9alisables gr\u00e2ce \u00e0 la mallette<\/a><\/li>\n\n\n\n<li><a href=\"https:\/\/tijafa.jafamatinik.mq\/plateforme\/module-de-formation-5\/\" data-type=\"page\" data-id=\"324\">La chlord\u00e9cone, un sujet d\u2019\u00e9ducation au d\u00e9veloppement durable<\/a>&nbsp;<\/li>\n\n\n\n<li><a href=\"https:\/\/tijafa.jafamatinik.mq\/plateforme\/integrer-le-jeu-en-classe\/\" data-type=\"page\" data-id=\"508\">La ludop\u00e9dagogie : le jeu au service des apprentissages<\/a><\/li>\n\n\n\n<li><a href=\"https:\/\/tijafa.jafamatinik.mq\/plateforme\/le-jeu-de-plateau\/\" data-type=\"page\" data-id=\"550\">Le jeu de plateau \u00abLa promenade de Ti-JaFa\u00bb<\/a><\/li>\n\n\n\n<li><a href=\"https:\/\/tijafa.jafamatinik.mq\/plateforme\/le-jeu-numerique\/\" data-type=\"page\" data-id=\"552\">Le jeu num\u00e9rique<\/a><\/li>\n\n\n\n<li><a href=\"https:\/\/tijafa.jafamatinik.mq\/plateforme\/ressources\/\" data-type=\"page\" data-id=\"554\">Ressources<\/a><\/li>\n\n\n\n<li><a href=\"https:\/\/tijafa.jafamatinik.mq\/plateforme\/conclusion\/\" data-type=\"page\" data-id=\"558\">Conclusion<\/a><\/li>\n<\/ul>\n<\/div>\n<\/div>\n\n\n\n<div class=\"wp-block-columns is-layout-flex wp-container-core-columns-is-layout-9d6595d7 wp-block-columns-is-layout-flex\">\n<div class=\"wp-block-column is-layout-flow wp-block-column-is-layout-flow\">\n<p><img loading=\"lazy\" decoding=\"async\" width=\"60\" height=\"56\" class=\"wp-image-1253\" style=\"width: 60px;\" src=\"https:\/\/tijafa.jafamatinik.mq\/plateforme\/wp-content\/uploads\/2024\/11\/cible.png\" alt=\"\"><strong> <\/strong>Enseignants, \u00e9ducateurs, parents.. \/ Cycle 2 et 3<\/p>\n<\/div>\n\n\n\n<div class=\"wp-block-column is-layout-flow wp-block-column-is-layout-flow\">\n<p><img loading=\"lazy\" decoding=\"async\" width=\"60\" height=\"56\" class=\"wp-image-1254\" style=\"width: 60px;\" src=\"https:\/\/tijafa.jafamatinik.mq\/plateforme\/wp-content\/uploads\/2024\/11\/heure.png\" alt=\"\"> 1h30 environ<\/p>\n<\/div>\n<\/div>\n\n\n\n<div class=\"wp-block-group has-base-2-background-color has-background\"><div class=\"wp-block-group__inner-container is-layout-constrained wp-block-group-is-layout-constrained\">\n<h2 class=\"wp-block-heading\">Votre carnet de bord ! <img loading=\"lazy\" decoding=\"async\" width=\"60\" height=\"56\" class=\"wp-image-922\" style=\"width: 60px;\" src=\"https:\/\/tijafa.jafamatinik.mq\/plateforme\/wp-content\/uploads\/2024\/11\/image-2.png\" alt=\"\"><\/h2>\n\n\n\n<div class=\"wp-block-columns is-layout-flex wp-container-core-columns-is-layout-9d6595d7 wp-block-columns-is-layout-flex\">\n<div class=\"wp-block-column is-layout-flow wp-block-column-is-layout-flow\" style=\"flex-basis:66.66%\">\n<p>Tout au long de votre parcours, vous rencontrerez des encadr\u00e9s jaunes avec le pictogramme ci-dessus repr\u00e9sentant un livre et un crayon.<\/p>\n\n\n\n<p>Cela indique une activit\u00e9 \u00e0 r\u00e9aliser qui vous aidera \u00e0 r\u00e9fl\u00e9chir et \u00e0 vous accompagner dans la prise en main de la mallette, afin d\u2019int\u00e9grer les diff\u00e9rentes ressources dans vos actions \u00e9ducatives existantes ou futures.&nbsp;<\/p>\n\n\n\n<p><em>Imprimez ou enregistrez ce document et compl\u00e9tez-le au fur et \u00e0 mesure<\/em>.<\/p>\n\n\n\n<p><strong>Choisissez le lien de t\u00e9l\u00e9chargement de votre choix :<\/strong><\/p>\n\n\n\n<ul class=\"wp-block-list\">\n<li>En Word : <a href=\"https:\/\/tijafa.jafamatinik.mq\/plateforme\/wp-content\/uploads\/2024\/11\/Le-carnet-de-bord-de-ma-formation-Mallette-Ti-JaFa.docx\" data-type=\"link\" data-id=\"https:\/\/tijafa.jafamatinik.mq\/plateforme\/wp-content\/uploads\/2024\/11\/Le-carnet-de-bord-de-ma-formation-Mallette-Ti-JaFa.docx\">Le carnet de bord de ma formation.docx<\/a><em> (\u00e0 compl\u00e9ter en ligne)<\/em><\/li>\n\n\n\n<li>En ODT : <a href=\"https:\/\/tijafa.jafamatinik.mq\/plateforme\/wp-content\/uploads\/2024\/11\/Le-carnet-de-bord-de-ma-formation-Mallette-Ti-JaFa.odt\" data-type=\"link\" data-id=\"https:\/\/tijafa.jafamatinik.mq\/plateforme\/wp-content\/uploads\/2024\/11\/Le-carnet-de-bord-de-ma-formation-Mallette-Ti-JaFa.odt\">Le carnet de bord de ma formation.odt<\/a> <em>(\u00e0 compl\u00e9ter en ligne)<\/em><\/li>\n\n\n\n<li>En PDF : <a href=\"https:\/\/tijafa.jafamatinik.mq\/plateforme\/wp-content\/uploads\/2024\/11\/Le-carnet-de-bord-de-ma-formation-Mallette-Ti-JaFa.pdf\" data-type=\"link\" data-id=\"https:\/\/tijafa.jafamatinik.mq\/plateforme\/wp-content\/uploads\/2024\/11\/Le-carnet-de-bord-de-ma-formation-Mallette-Ti-JaFa.pdf\">Le carnet de bord de ma formation.pdf<\/a> <em>(\u00e0 imprimer)<\/em><\/li>\n<\/ul>\n<\/div>\n\n\n\n<div class=\"wp-block-column is-layout-flow wp-block-column-is-layout-flow\" style=\"flex-basis:33.33%\">\n<figure class=\"wp-block-image size-large is-resized\"><img loading=\"lazy\" decoding=\"async\" width=\"793\" height=\"1024\" src=\"https:\/\/tijafa.jafamatinik.mq\/plateforme\/wp-content\/uploads\/2024\/11\/fille-livrefond-793x1024.jpg\" alt=\"\" class=\"wp-image-1251\" style=\"width:292px;height:auto\" srcset=\"https:\/\/tijafa.jafamatinik.mq\/plateforme\/wp-content\/uploads\/2024\/11\/fille-livrefond-793x1024.jpg 793w, https:\/\/tijafa.jafamatinik.mq\/plateforme\/wp-content\/uploads\/2024\/11\/fille-livrefond-232x300.jpg 232w, https:\/\/tijafa.jafamatinik.mq\/plateforme\/wp-content\/uploads\/2024\/11\/fille-livrefond-768x992.jpg 768w, https:\/\/tijafa.jafamatinik.mq\/plateforme\/wp-content\/uploads\/2024\/11\/fille-livrefond.jpg 870w\" sizes=\"auto, (max-width: 793px) 100vw, 793px\" \/><\/figure>\n<\/div>\n<\/div>\n<\/div><\/div>\n\n\n\n<p><\/p>\n\n\n\n<div class=\"wp-block-buttons is-content-justification-center is-layout-flex wp-container-core-buttons-is-layout-5e6b19ed wp-block-buttons-is-layout-flex\">\n<div class=\"wp-block-button has-custom-width wp-block-button__width-50 is-style-outline is-style-outline--1\"><a class=\"wp-block-button__link has-contrast-2-color has-text-color has-background has-link-color wp-element-button\" href=\"https:\/\/tijafa.jafamatinik.mq\/plateforme\/module-de-formation-3\/\" style=\"border-radius:14px;background-color:#fabb2a\"><strong>Acc\u00e9der au cours<\/strong><\/a><\/div>\n<\/div>\n\n\n\n<p><\/p>\n","protected":false},"excerpt":{"rendered":"<p>Ce module de formation vous aidera \u00e0 vous approprier la mallette p\u00e9dagogique \u00abLa promenade de Ti-JaFa\u00bb mise \u00e0 disposition par Promotion Sant\u00e9 Martinique (ancienne IREPS Martinique) et \u00e0 int\u00e9grer les diff\u00e9rentes ressources dans vos actions \u00e9ducatives existantes ou futures. A la fin de ce cours vous saurez : Plan de cours Enseignants, \u00e9ducateurs, parents.. \/ &#8230; <a title=\"Formation : Prise en main de la mallette p\u00e9dagogique\" class=\"read-more\" href=\"https:\/\/tijafa.jafamatinik.mq\/plateforme\/module-de-formation-0\/\" aria-label=\"En savoir plus sur Formation : Prise en main de la mallette p\u00e9dagogique\">Lire la suite<\/a><\/p>\n","protected":false},"author":1,"featured_media":0,"parent":0,"menu_order":0,"comment_status":"closed","ping_status":"closed","template":"","meta":{"footnotes":""},"class_list":["post-318","page","type-page","status-publish"],"_links":{"self":[{"href":"https:\/\/tijafa.jafamatinik.mq\/plateforme\/wp-json\/wp\/v2\/pages\/318","targetHints":{"allow":["GET"]}}],"collection":[{"href":"https:\/\/tijafa.jafamatinik.mq\/plateforme\/wp-json\/wp\/v2\/pages"}],"about":[{"href":"https:\/\/tijafa.jafamatinik.mq\/plateforme\/wp-json\/wp\/v2\/types\/page"}],"author":[{"embeddable":true,"href":"https:\/\/tijafa.jafamatinik.mq\/plateforme\/wp-json\/wp\/v2\/users\/1"}],"replies":[{"embeddable":true,"href":"https:\/\/tijafa.jafamatinik.mq\/plateforme\/wp-json\/wp\/v2\/comments?post=318"}],"version-history":[{"count":105,"href":"https:\/\/tijafa.jafamatinik.mq\/plateforme\/wp-json\/wp\/v2\/pages\/318\/revisions"}],"predecessor-version":[{"id":1394,"href":"https:\/\/tijafa.jafamatinik.mq\/plateforme\/wp-json\/wp\/v2\/pages\/318\/revisions\/1394"}],"wp:attachment":[{"href":"https:\/\/tijafa.jafamatinik.mq\/plateforme\/wp-json\/wp\/v2\/media?parent=318"}],"curies":[{"name":"wp","href":"https:\/\/api.w.org\/{rel}","templated":true}]}}